{"id":29465,"date":"2025-01-24T06:25:48","date_gmt":"2025-01-24T06:25:48","guid":{"rendered":"https:\/\/jxgchocolate.com\/?post_type=product&#038;p=29465"},"modified":"2025-01-24T06:25:50","modified_gmt":"2025-01-24T06:25:50","slug":"bulk-chocolate-balls","status":"publish","type":"product","link":"https:\/\/jxgchocolate.com\/pt\/produto\/bulk-chocolate-balls\/","title":{"rendered":"Bolas de chocolate crocantes a granel, rebu\u00e7ados de chocolate em biscoito"},"content":{"rendered":"<div class=\"wp-block-columns is-layout-flex wp-container-core-columns-is-layout-9d6595d7 wp-block-columns-is-layout-flex\">\n<div class=\"wp-block-column is-layout-flow wp-block-column-is-layout-flow\">\n<h2 class=\"wp-block-heading\">Bolas de chocolate a granel Premium Carater\u00edsticas:<\/h2>\n\n\n\n<ul class=\"wp-block-list\">\n<li><strong>Crocante por fora e macio por dentro, duplo sabor:<\/strong> As nossas bolas de chocolate a granel s\u00e3o estaladi\u00e7as no exterior e ricas em recheios de chocolate ou de bolacha, proporcionando o n\u00edvel perfeito de sabor.<\/li>\n\n\n\n<li><strong>Chocolate selecionado de alta qualidade: <\/strong>Os nossos rebu\u00e7ados de chocolate de biscoito por atacado usam mat\u00e9rias-primas de chocolate de alta qualidade para garantir que cada doce tenha um sabor puro de chocolate.<\/li>\n\n\n\n<li><strong>Forma \u00fanica, adequada para uma variedade de ocasi\u00f5es: <\/strong>As nossas bolas de chocolate a granel t\u00eam uma forma pequena e bonita de feij\u00e3o de chocolate, adequada para reuni\u00f5es familiares, partilha de lanches ou presentes de Natal.<\/li>\n\n\n\n<li><strong>Embalagem pr\u00e1tica, f\u00e1cil de partilhar:<\/strong> Os nossos biscoitos de chocolate e doces por atacado t\u00eam um design de embalagem grande, que \u00e9 conveniente para embalar e partilhar, e pode desfrutar da deliciosa comida a qualquer momento para satisfazer as necessidades de v\u00e1rias pessoas.<\/li>\n<\/ul>\n<\/div>\n\n\n\n<div class=\"wp-block-column is-layout-flow wp-block-column-is-layout-flow\">\n<figure class=\"wp-block-image size-full\"><img fetchpriority=\"high\" decoding=\"async\" width=\"2000\" height=\"2000\" src=\"https:\/\/jxgchocolate.com\/wp-content\/uploads\/2025\/01\/Wholesales-Smooth-and-Crispy-Biscuit-Chocolate-Candy-Beans-With-OEM-Design3.webp\" alt=\"Bolas de chocolate crocantes a granel, biscoitos de chocolate - 1\" class=\"wp-image-29466\" srcset=\"https:\/\/jxgchocolate.com\/wp-content\/uploads\/2025\/01\/Wholesales-Smooth-and-Crispy-Biscuit-Chocolate-Candy-Beans-With-OEM-Design3.webp 2000w, https:\/\/jxgchocolate.com\/wp-content\/uploads\/2025\/01\/Wholesales-Smooth-and-Crispy-Biscuit-Chocolate-Candy-Beans-With-OEM-Design3-300x300.webp 300w, https:\/\/jxgchocolate.com\/wp-content\/uploads\/2025\/01\/Wholesales-Smooth-and-Crispy-Biscuit-Chocolate-Candy-Beans-With-OEM-Design3-150x150.webp 150w, https:\/\/jxgchocolate.com\/wp-content\/uploads\/2025\/01\/Wholesales-Smooth-and-Crispy-Biscuit-Chocolate-Candy-Beans-With-OEM-Design3-768x768.webp 768w, https:\/\/jxgchocolate.com\/wp-content\/uploads\/2025\/01\/Wholesales-Smooth-and-Crispy-Biscuit-Chocolate-Candy-Beans-With-OEM-Design3-12x12.webp 12w, https:\/\/jxgchocolate.com\/wp-content\/uploads\/2025\/01\/Wholesales-Smooth-and-Crispy-Biscuit-Chocolate-Candy-Beans-With-OEM-Design3-430x430.webp 430w, https:\/\/jxgchocolate.com\/wp-content\/uploads\/2025\/01\/Wholesales-Smooth-and-Crispy-Biscuit-Chocolate-Candy-Beans-With-OEM-Design3-700x700.webp 700w\" sizes=\"(max-width: 2000px) 100vw, 2000px\" \/><\/figure>\n<\/div>\n<\/div>","protected":false},"excerpt":{"rendered":"<p>Bem-vindo \u00e0 compra de bolas de chocolate a granel. As nossas bolas de chocolate para biscoitos s\u00e3o crocantes por fora e macias por dentro, com recheios selecionados de chocolate e biscoitos, sabor rico, adequadas para partilhar e para uma variedade de ocasi\u00f5es, para satisfazer as papilas gustativas de si e dos seus familiares e amigos.<\/p>\n<table width=\"423\">\n<tbody>\n<tr>\n<td width=\"166\">Fabricante<\/td>\n<td width=\"257\">Fruta da sorte<\/td>\n<\/tr>\n<tr>\n<td>MODELO NO.<\/td>\n<td>JXG56<\/td>\n<\/tr>\n<tr>\n<td>Tipo<\/td>\n<td>Biscoito de chocolate<\/td>\n<\/tr>\n<tr>\n<td>Embalagem<\/td>\n<td>Embalagem em caixa<\/td>\n<\/tr>\n<tr>\n<td>Especifica\u00e7\u00e3o<\/td>\n<td>20 sacos*12 caixas<\/td>\n<\/tr>\n<tr>\n<td>Tamanho da caixa<\/td>\n<td>58*35,5*37,5cm<\/td>\n<\/tr>\n<tr>\n<td>N.W \/SET<\/td>\n<td>23g*20sacos<\/td>\n<\/tr>\n<tr>\n<td>Cor<\/td>\n<td>Como imagem<\/td>\n<\/tr>\n<tr>\n<td>MOQ<\/td>\n<td>500 caixas de cart\u00e3o<\/td>\n<\/tr>\n<tr>\n<td>Personaliza\u00e7\u00e3o<\/td>\n<td>Embalagem\/LOGO<\/td>\n<\/tr>\n<\/tbody>\n<\/table>","protected":false},"featured_media":29467,"comment_status":"closed","ping_status":"closed","template":"","meta":[],"product_cat":[74],"product_tag":[],"class_list":{"0":"post-29465","1":"product","2":"type-product","3":"status-publish","4":"has-post-thumbnail","6":"product_cat-wholesale-crunchy-chocolate-balls","8":"first","9":"instock","10":"shipping-taxable","11":"product-type-simple"},"_links":{"self":[{"href":"https:\/\/jxgchocolate.com\/pt\/wp-json\/wp\/v2\/product\/29465","targetHints":{"allow":["GET"]}}],"collection":[{"href":"https:\/\/jxgchocolate.com\/pt\/wp-json\/wp\/v2\/product"}],"about":[{"href":"https:\/\/jxgchocolate.com\/pt\/wp-json\/wp\/v2\/types\/product"}],"replies":[{"embeddable":true,"href":"https:\/\/jxgchocolate.com\/pt\/wp-json\/wp\/v2\/comments?post=29465"}],"version-history":[{"count":0,"href":"https:\/\/jxgchocolate.com\/pt\/wp-json\/wp\/v2\/product\/29465\/revisions"}],"wp:featuredmedia":[{"embeddable":true,"href":"https:\/\/jxgchocolate.com\/pt\/wp-json\/wp\/v2\/media\/29467"}],"wp:attachment":[{"href":"https:\/\/jxgchocolate.com\/pt\/wp-json\/wp\/v2\/media?parent=29465"}],"wp:term":[{"taxonomy":"product_cat","embeddable":true,"href":"https:\/\/jxgchocolate.com\/pt\/wp-json\/wp\/v2\/product_cat?post=29465"},{"taxonomy":"product_tag","embeddable":true,"href":"https:\/\/jxgchocolate.com\/pt\/wp-json\/wp\/v2\/product_tag?post=29465"}],"curies":[{"name":"wp","href":"https:\/\/api.w.org\/{rel}","templated":true}]}}