{"id":29515,"date":"2025-02-15T01:57:13","date_gmt":"2025-02-15T01:57:13","guid":{"rendered":"https:\/\/jxgchocolate.com\/?post_type=product&#038;p=29515"},"modified":"2025-02-15T03:13:32","modified_gmt":"2025-02-15T03:13:32","slug":"chocolate-candy-bulk","status":"publish","type":"product","link":"https:\/\/jxgchocolate.com\/pt\/produto\/chocolate-candy-bulk\/","title":{"rendered":"Lucky Twins Chocolate Candy a granel, sementes de girassol cobertas de chocolate com iogurte por atacado"},"content":{"rendered":"<div class=\"wp-block-columns is-layout-flex wp-container-core-columns-is-layout-9d6595d7 wp-block-columns-is-layout-flex\">\n<div class=\"wp-block-column is-layout-flow wp-block-column-is-layout-flow\">\n<h2 class=\"wp-block-heading\">Rebu\u00e7ados de chocolate de alta qualidade a granel Carater\u00edsticas:<\/h2>\n\n\n\n<ul class=\"wp-block-list\">\n<li><strong>Combina\u00e7\u00f5es criativas de sabores:<\/strong> O chocolate de iogurte a granel \u00e9 \u00fanico em rela\u00e7\u00e3o ao chocolate normal, com o seu pr\u00f3prio sabor doce e azedo a leite, apelando aos consumidores que querem experimentar novos sabores. A sua combina\u00e7\u00e3o com gr\u00e3os de girassol proporciona uma nova experi\u00eancia de sabor e aroma, ideal para aqueles que desejam uma experi\u00eancia \u00fanica de petiscar.<\/li>\n\n\n\n<li><strong>Nutritivo:<\/strong> As sementes de girassol t\u00eam um teor saud\u00e1vel de gorduras monoinsaturadas e polinsaturadas que s\u00e3o boas para o cora\u00e7\u00e3o. Elas tamb\u00e9m s\u00e3o uma excelente fonte de prote\u00edna vegetal, perfeita para vegetarianos ou para aqueles que querem prote\u00ednas alternativas. As nossas sementes de girassol cobertas com chocolate tamb\u00e9m cont\u00eam nutrientes importantes, como a vitamina E, o magn\u00e9sio e o zinco.<\/li>\n\n\n\n<li><strong>Grupos de consumidores-alvo claros: <\/strong>Os consumidores preocupados com a sa\u00fade e os consumidores sens\u00edveis \u00e0 sa\u00fade e \u00e0 nutri\u00e7\u00e3o apreciar\u00e3o os ingredientes naturais e os benef\u00edcios para a sa\u00fade do iogurte com chocolate a granel. Simultaneamente, os entusiastas de snacks que apreciam novos sabores tamb\u00e9m ser\u00e3o atra\u00eddos por esta combina\u00e7\u00e3o invulgar.<\/li>\n\n\n\n<li><strong>Adequado para oferecer:<\/strong> As nossas sementes de girassol cobertas de chocolate por atacado s\u00e3o dignas de serem oferecidas a amigos, familiares ou parceiros, especialmente aqueles com gostos culturais e alimentares distintos.<\/li>\n<\/ul>\n<\/div>\n\n\n\n<div class=\"wp-block-column is-layout-flow wp-block-column-is-layout-flow\">\n<figure class=\"wp-block-image size-full\"><img fetchpriority=\"high\" decoding=\"async\" width=\"2000\" height=\"2000\" src=\"https:\/\/jxgchocolate.com\/wp-content\/uploads\/2025\/02\/Deep-Sour-Milk-Chocolate-Covered-Sunflower-Seeds-Nuts-Wholesales-Chocolate-Candy-In-Bulk3.webp\" alt=\"Bombons de chocolate a granel, sementes de girassol com cobertura de chocolate de iogurte por atacado-1\" class=\"wp-image-29517\" srcset=\"https:\/\/jxgchocolate.com\/wp-content\/uploads\/2025\/02\/Deep-Sour-Milk-Chocolate-Covered-Sunflower-Seeds-Nuts-Wholesales-Chocolate-Candy-In-Bulk3.webp 2000w, https:\/\/jxgchocolate.com\/wp-content\/uploads\/2025\/02\/Deep-Sour-Milk-Chocolate-Covered-Sunflower-Seeds-Nuts-Wholesales-Chocolate-Candy-In-Bulk3-300x300.webp 300w, https:\/\/jxgchocolate.com\/wp-content\/uploads\/2025\/02\/Deep-Sour-Milk-Chocolate-Covered-Sunflower-Seeds-Nuts-Wholesales-Chocolate-Candy-In-Bulk3-150x150.webp 150w, https:\/\/jxgchocolate.com\/wp-content\/uploads\/2025\/02\/Deep-Sour-Milk-Chocolate-Covered-Sunflower-Seeds-Nuts-Wholesales-Chocolate-Candy-In-Bulk3-768x768.webp 768w, https:\/\/jxgchocolate.com\/wp-content\/uploads\/2025\/02\/Deep-Sour-Milk-Chocolate-Covered-Sunflower-Seeds-Nuts-Wholesales-Chocolate-Candy-In-Bulk3-12x12.webp 12w, https:\/\/jxgchocolate.com\/wp-content\/uploads\/2025\/02\/Deep-Sour-Milk-Chocolate-Covered-Sunflower-Seeds-Nuts-Wholesales-Chocolate-Candy-In-Bulk3-430x430.webp 430w, https:\/\/jxgchocolate.com\/wp-content\/uploads\/2025\/02\/Deep-Sour-Milk-Chocolate-Covered-Sunflower-Seeds-Nuts-Wholesales-Chocolate-Candy-In-Bulk3-700x700.webp 700w\" sizes=\"(max-width: 2000px) 100vw, 2000px\" \/><\/figure>\n<\/div>\n<\/div>","protected":false},"excerpt":{"rendered":"<p>Bem-vindo \u00e0 compra de nozes de sementes de girassol cobertas de chocolate por atacado. Iogurte chocolate doces a granel n\u00e3o s\u00f3 trazer um novo sentido de sabor, mas tamb\u00e9m um h\u00e1bito saud\u00e1vel e atributo cultural, de modo que \u00e9 fortemente recomendado para os consumidores que buscam uma vida de qualidade. Como uma sobremesa di\u00e1ria, material de cozimento, ou melhor presente, o chocolate de semente de girassol de leite azedo traz felicidade \u00fanica para os consumidores.<\/p>\n<table width=\"423\">\n<tbody>\n<tr>\n<td width=\"166\">Fabricante<\/td>\n<td width=\"257\">Fruta da sorte<\/td>\n<\/tr>\n<tr>\n<td>MODELO NO.<\/td>\n<td>JXG53<\/td>\n<\/tr>\n<tr>\n<td>Tipo<\/td>\n<td>Sementes de girassol Chocolate<\/td>\n<\/tr>\n<tr>\n<td>Embalagem<\/td>\n<td>Embalagem em caixa<\/td>\n<\/tr>\n<tr>\n<td>Especifica\u00e7\u00e3o<\/td>\n<td>238g<\/td>\n<\/tr>\n<tr>\n<td>Tamanho da caixa<\/td>\n<td>49,5*29*32,5cm<\/td>\n<\/tr>\n<tr>\n<td>N.W \/SET<\/td>\n<td>238g*20sacos<\/td>\n<\/tr>\n<tr>\n<td>Cor<\/td>\n<td>Como imagem<\/td>\n<\/tr>\n<tr>\n<td>MOQ<\/td>\n<td>500 caixas de cart\u00e3o<\/td>\n<\/tr>\n<tr>\n<td>Personaliza\u00e7\u00e3o<\/td>\n<td>Embalagem\/LOGO<\/td>\n<\/tr>\n<\/tbody>\n<\/table>","protected":false},"featured_media":29518,"comment_status":"closed","ping_status":"closed","template":"","meta":[],"product_cat":[72],"product_tag":[],"class_list":{"0":"post-29515","1":"product","2":"type-product","3":"status-publish","4":"has-post-thumbnail","6":"product_cat-wholesale-chocolate-covered-sunflower-seeds","8":"first","9":"instock","10":"shipping-taxable","11":"product-type-simple"},"_links":{"self":[{"href":"https:\/\/jxgchocolate.com\/pt\/wp-json\/wp\/v2\/product\/29515","targetHints":{"allow":["GET"]}}],"collection":[{"href":"https:\/\/jxgchocolate.com\/pt\/wp-json\/wp\/v2\/product"}],"about":[{"href":"https:\/\/jxgchocolate.com\/pt\/wp-json\/wp\/v2\/types\/product"}],"replies":[{"embeddable":true,"href":"https:\/\/jxgchocolate.com\/pt\/wp-json\/wp\/v2\/comments?post=29515"}],"version-history":[{"count":0,"href":"https:\/\/jxgchocolate.com\/pt\/wp-json\/wp\/v2\/product\/29515\/revisions"}],"wp:featuredmedia":[{"embeddable":true,"href":"https:\/\/jxgchocolate.com\/pt\/wp-json\/wp\/v2\/media\/29518"}],"wp:attachment":[{"href":"https:\/\/jxgchocolate.com\/pt\/wp-json\/wp\/v2\/media?parent=29515"}],"wp:term":[{"taxonomy":"product_cat","embeddable":true,"href":"https:\/\/jxgchocolate.com\/pt\/wp-json\/wp\/v2\/product_cat?post=29515"},{"taxonomy":"product_tag","embeddable":true,"href":"https:\/\/jxgchocolate.com\/pt\/wp-json\/wp\/v2\/product_tag?post=29515"}],"curies":[{"name":"wp","href":"https:\/\/api.w.org\/{rel}","templated":true}]}}