{"id":29523,"date":"2025-02-15T02:16:36","date_gmt":"2025-02-15T02:16:36","guid":{"rendered":"https:\/\/jxgchocolate.com\/?post_type=product&#038;p=29523"},"modified":"2025-02-15T03:12:52","modified_gmt":"2025-02-15T03:12:52","slug":"chocolate-beans-bulk","status":"publish","type":"product","link":"https:\/\/jxgchocolate.com\/pt\/produto\/chocolate-beans-bulk\/","title":{"rendered":"Gr\u00e3os de chocolate coloridos Lucky Twins a granel, amendoins com cobertura de chocolate por atacado"},"content":{"rendered":"<div class=\"wp-block-columns is-layout-flex wp-container-core-columns-is-layout-9d6595d7 wp-block-columns-is-layout-flex\">\n<div class=\"wp-block-column is-layout-flow wp-block-column-is-layout-flow\">\n<h2 class=\"wp-block-heading\">Gr\u00e3os de chocolate coloridos Premium a granel Carater\u00edsticas:<\/h2>\n\n\n\n<ul class=\"wp-block-list\">\n<li><strong>Apelo visual \u00fanico:<\/strong> Os gr\u00e3os de chocolate coloridos atraem a aten\u00e7\u00e3o nas prateleiras devido ao seu aspeto colorido, especialmente apelativo para as crian\u00e7as e os jovens. A introdu\u00e7\u00e3o de embalagens tem\u00e1ticas festivas\/sazonais em cores espec\u00edficas contribui para o valor l\u00fadico e comemorativo do produto.<\/li>\n\n\n\n<li><strong>Experi\u00eancia de sabor rica:<\/strong> Cada dentada de amendoins cobertos de chocolate por atacado pode desfrutar da fus\u00e3o suave da camada exterior de chocolate e do aroma crepitante da camada interior de amendoins para gerar uma experi\u00eancia de sabor contrastante e harmoniosa. A transi\u00e7\u00e3o entre o chocolate doce e os amendoins salgados proporciona um sabor rico aos consumidores.<\/li>\n\n\n\n<li><strong>Embalagem c\u00f3moda: <\/strong>Os nossos gr\u00e3os de chocolate a granel s\u00e3o embalados em pequenos sacos independentes, que s\u00e3o f\u00e1ceis de transportar e partilhar, e s\u00e3o muito adequados para actividades ao ar livre e viagens. Desfrute em qualquer altura. Ao mesmo tempo, o produto tamb\u00e9m oferece uma vers\u00e3o de embalagem em caixa de grande capacidade, que \u00e9 econ\u00f3mica e acess\u00edvel.<\/li>\n\n\n\n<li><strong>Diversos cen\u00e1rios de consumo: <\/strong>Os amendoins coloridos cobertos de chocolate por atacado n\u00e3o s\u00e3o apenas adequados para o prazer pessoal em qualquer altura, mas tamb\u00e9m adequados como uma escolha de petisco para actividades ao ar livre, viagens ou reuni\u00f5es familiares, satisfazendo as necessidades dos consumidores em diferentes cen\u00e1rios.<\/li>\n<\/ul>\n<\/div>\n\n\n\n<div class=\"wp-block-column is-layout-flow wp-block-column-is-layout-flow\">\n<figure class=\"wp-block-image size-full\"><img fetchpriority=\"high\" decoding=\"async\" width=\"750\" height=\"750\" src=\"https:\/\/jxgchocolate.com\/wp-content\/uploads\/2025\/02\/Wholesales-Colored-Chocolate-Covered-Peanuts-Manufacturer-In-China4-1.webp\" alt=\"Gr\u00e3os de chocolate coloridos a granel, amendoins com cobertura de chocolate por atacado-1\" class=\"wp-image-29528\" srcset=\"https:\/\/jxgchocolate.com\/wp-content\/uploads\/2025\/02\/Wholesales-Colored-Chocolate-Covered-Peanuts-Manufacturer-In-China4-1.webp 750w, https:\/\/jxgchocolate.com\/wp-content\/uploads\/2025\/02\/Wholesales-Colored-Chocolate-Covered-Peanuts-Manufacturer-In-China4-1-300x300.webp 300w, https:\/\/jxgchocolate.com\/wp-content\/uploads\/2025\/02\/Wholesales-Colored-Chocolate-Covered-Peanuts-Manufacturer-In-China4-1-150x150.webp 150w, https:\/\/jxgchocolate.com\/wp-content\/uploads\/2025\/02\/Wholesales-Colored-Chocolate-Covered-Peanuts-Manufacturer-In-China4-1-12x12.webp 12w, https:\/\/jxgchocolate.com\/wp-content\/uploads\/2025\/02\/Wholesales-Colored-Chocolate-Covered-Peanuts-Manufacturer-In-China4-1-430x430.webp 430w, https:\/\/jxgchocolate.com\/wp-content\/uploads\/2025\/02\/Wholesales-Colored-Chocolate-Covered-Peanuts-Manufacturer-In-China4-1-700x700.webp 700w\" sizes=\"(max-width: 750px) 100vw, 750px\" \/><\/figure>\n<\/div>\n<\/div>","protected":false},"excerpt":{"rendered":"<p>Bem-vindo \u00e0 compra de gr\u00e3os de chocolate coloridos a granel. Os nossos amendoins cobertos de chocolate por atacado combinam a croc\u00e2ncia dos amendoins com a do\u00e7ura e suavidade do chocolate, adicionando uma camada exterior colorida ou revestimento para torn\u00e1-lo visualmente mais atraente.<\/p>\n<table width=\"423\">\n<tbody>\n<tr>\n<td width=\"166\">Fabricante<\/td>\n<td width=\"257\">Fruta da sorte<\/td>\n<\/tr>\n<tr>\n<td>MODELO NO.<\/td>\n<td>JXG54<\/td>\n<\/tr>\n<tr>\n<td>Tipo<\/td>\n<td>Amendoins Chocolate<\/td>\n<\/tr>\n<tr>\n<td>Embalagem<\/td>\n<td>Embalagem em caixa<\/td>\n<\/tr>\n<tr>\n<td>Especifica\u00e7\u00e3o<\/td>\n<td>16g*30Pcs<\/td>\n<\/tr>\n<tr>\n<td>Tamanho da caixa<\/td>\n<td>54.5*29.5*31.5<span style=\"font-family: inherit; font-size: inherit;\">cm<\/span><\/td>\n<\/tr>\n<tr>\n<td>N.W \/SET<\/td>\n<td>30 unidades*24 caixas<\/td>\n<\/tr>\n<tr>\n<td>Cor<\/td>\n<td>Como imagem<\/td>\n<\/tr>\n<tr>\n<td>MOQ<\/td>\n<td>500 caixas de cart\u00e3o<\/td>\n<\/tr>\n<tr>\n<td>Personaliza\u00e7\u00e3o<\/td>\n<td>Embalagem\/LOGO<\/td>\n<\/tr>\n<\/tbody>\n<\/table>","protected":false},"featured_media":29524,"comment_status":"closed","ping_status":"closed","template":"","meta":[],"product_cat":[73],"product_tag":[],"class_list":{"0":"post-29523","1":"product","2":"type-product","3":"status-publish","4":"has-post-thumbnail","6":"product_cat-wholesale-chocolate-covered-peanuts","8":"first","9":"instock","10":"shipping-taxable","11":"product-type-simple"},"_links":{"self":[{"href":"https:\/\/jxgchocolate.com\/pt\/wp-json\/wp\/v2\/product\/29523","targetHints":{"allow":["GET"]}}],"collection":[{"href":"https:\/\/jxgchocolate.com\/pt\/wp-json\/wp\/v2\/product"}],"about":[{"href":"https:\/\/jxgchocolate.com\/pt\/wp-json\/wp\/v2\/types\/product"}],"replies":[{"embeddable":true,"href":"https:\/\/jxgchocolate.com\/pt\/wp-json\/wp\/v2\/comments?post=29523"}],"version-history":[{"count":0,"href":"https:\/\/jxgchocolate.com\/pt\/wp-json\/wp\/v2\/product\/29523\/revisions"}],"wp:featuredmedia":[{"embeddable":true,"href":"https:\/\/jxgchocolate.com\/pt\/wp-json\/wp\/v2\/media\/29524"}],"wp:attachment":[{"href":"https:\/\/jxgchocolate.com\/pt\/wp-json\/wp\/v2\/media?parent=29523"}],"wp:term":[{"taxonomy":"product_cat","embeddable":true,"href":"https:\/\/jxgchocolate.com\/pt\/wp-json\/wp\/v2\/product_cat?post=29523"},{"taxonomy":"product_tag","embeddable":true,"href":"https:\/\/jxgchocolate.com\/pt\/wp-json\/wp\/v2\/product_tag?post=29523"}],"curies":[{"name":"wp","href":"https:\/\/api.w.org\/{rel}","templated":true}]}}