{"id":29553,"date":"2025-03-04T06:49:06","date_gmt":"2025-03-04T06:49:06","guid":{"rendered":"https:\/\/jxgchocolate.com\/?post_type=product&#038;p=29553"},"modified":"2025-03-04T06:50:03","modified_gmt":"2025-03-04T06:50:03","slug":"colored-chocolate-peanuts-bulk","status":"publish","type":"product","link":"https:\/\/jxgchocolate.com\/pt\/produto\/colored-chocolate-peanuts-bulk\/","title":{"rendered":"Amendoins de chocolate coloridos a granel com embalagem personalizada de marca pr\u00f3pria"},"content":{"rendered":"<div class=\"wp-block-columns is-layout-flex wp-container-core-columns-is-layout-9d6595d7 wp-block-columns-is-layout-flex\">\n<div class=\"wp-block-column is-layout-flow wp-block-column-is-layout-flow\">\n<h2 class=\"wp-block-heading\">Amendoins de chocolate coloridos Premium a granel Carater\u00edsticas:<\/h2>\n\n\n\n<ul class=\"wp-block-list\">\n<li><strong>Sabor rico:<\/strong> Estes amendoins de chocolate coloridos misturam o sabor dos amendoins e do chocolate. O crocante do gr\u00e3o de amendoim e a cremosidade do chocolate misturam-se perfeitamente, proporcionando uma experi\u00eancia inigual\u00e1vel e deliciosa. \u00c9 por isso que o chocolate de amendoim colorido \u00e9 o mais preferido entre os entusiastas do chocolate.<\/li>\n\n\n\n<li><strong>Nutri\u00e7\u00e3o equilibrada:<\/strong> Os nossos amendoins com cobertura de chocolate por grosso s\u00e3o um alimento muito nutritivo, muito rico em gordura, prote\u00edna e toda a gama de vitaminas e minerais. O chocolate cont\u00e9m subst\u00e2ncias como a teobromina e a fenetilamina, que t\u00eam apenas efeitos estimulantes muito ligeiros no c\u00e9rebro. Colocar amendoins no chocolate n\u00e3o s\u00f3 contribui para uma textura mais agrad\u00e1vel do alimento, mas tamb\u00e9m para uma nutri\u00e7\u00e3o nutricionalmente mais equilibrada do chocolate de amendoim colorido.<\/li>\n\n\n\n<li><strong>Cores tentadoras:<\/strong> As cores de enchimento destes amendoins de chocolate coloridos a granel atraem os consumidores com as suas cores vibrantes e brilhantes. V\u00e1rias cores de chocolate significam v\u00e1rios sabores, satisfazendo as necessidades de diversifica\u00e7\u00e3o do paladar dos consumidores. Ao mesmo tempo, esta tonalidade colorida tamb\u00e9m torna o chocolate de amendoim colorido mais apelativo do ponto de vista visual.<\/li>\n\n\n\n<li><strong>Embalagem requintada: <\/strong>Os nossos amendoins com cobertura de chocolate por atacado t\u00eam muitos chocolates de amendoim coloridos que v\u00eam em pequenas embalagens separadas, que s\u00e3o convenientes para transportar e f\u00e1ceis de partilhar. Esta embalagem requintada eleva o grau do produto, \u00e9 uma excelente escolha para dar \u00e0 fam\u00edlia e amigos ou como um pequeno lanche para si pr\u00f3prio.<\/li>\n<\/ul>\n<\/div>\n\n\n\n<div class=\"wp-block-column is-layout-flow wp-block-column-is-layout-flow\">\n<figure class=\"wp-block-image size-full\"><img fetchpriority=\"high\" decoding=\"async\" width=\"750\" height=\"750\" src=\"https:\/\/jxgchocolate.com\/wp-content\/uploads\/2025\/02\/photobank-35.webp\" alt=\"Amendoins de chocolate coloridos a granel com embalagem com marca pr\u00f3pria personalizada-4\" class=\"wp-image-29560\" srcset=\"https:\/\/jxgchocolate.com\/wp-content\/uploads\/2025\/02\/photobank-35.webp 750w, https:\/\/jxgchocolate.com\/wp-content\/uploads\/2025\/02\/photobank-35-300x300.webp 300w, https:\/\/jxgchocolate.com\/wp-content\/uploads\/2025\/02\/photobank-35-150x150.webp 150w, https:\/\/jxgchocolate.com\/wp-content\/uploads\/2025\/02\/photobank-35-12x12.webp 12w, https:\/\/jxgchocolate.com\/wp-content\/uploads\/2025\/02\/photobank-35-430x430.webp 430w, https:\/\/jxgchocolate.com\/wp-content\/uploads\/2025\/02\/photobank-35-700x700.webp 700w\" sizes=\"(max-width: 750px) 100vw, 750px\" \/><\/figure>\n<\/div>\n<\/div>\n\n\n\n<p><\/p>","protected":false},"excerpt":{"rendered":"<p>Bem-vindo a comprar os nossos amendoins de chocolate coloridos a granel. Estes amendoins coloridos com cobertura de chocolate tornaram-se um produto popular no mercado devido ao seu sabor \u00fanico, nutri\u00e7\u00e3o rica, cores sedutoras, embalagem requintada e garantia de qualidade. Seja como um lanche ou um grande presente, o chocolate de amendoim colorido pode satisfazer as necessidades dos consumidores.<\/p>\n<table width=\"423\">\n<tbody>\n<tr>\n<td width=\"166\">Fabricante<\/td>\n<td width=\"257\">Fruta da sorte<\/td>\n<\/tr>\n<tr>\n<td>MODELO NO.<\/td>\n<td>JXG55<\/td>\n<\/tr>\n<tr>\n<td>Tipo<\/td>\n<td>Amendoins Chocolate<\/td>\n<\/tr>\n<tr>\n<td>Embalagem<\/td>\n<td>Embalagem em caixa<\/td>\n<\/tr>\n<tr>\n<td>Especifica\u00e7\u00e3o<\/td>\n<td>16g*30Pcs<\/td>\n<\/tr>\n<tr>\n<td>Tamanho da caixa<\/td>\n<td>54.5*29.5*31.5<span style=\"font-family: inherit; font-size: inherit;\">cm<\/span><\/td>\n<\/tr>\n<tr>\n<td>N.W \/SET<\/td>\n<td>30 unidades*24 caixas<\/td>\n<\/tr>\n<tr>\n<td>Cor<\/td>\n<td>Como imagem<\/td>\n<\/tr>\n<tr>\n<td>MOQ<\/td>\n<td>500 caixas de cart\u00e3o<\/td>\n<\/tr>\n<tr>\n<td>Personaliza\u00e7\u00e3o<\/td>\n<td>Embalagem\/LOGO<\/td>\n<\/tr>\n<\/tbody>\n<\/table>","protected":false},"featured_media":29558,"comment_status":"closed","ping_status":"closed","template":"","meta":[],"product_cat":[73],"product_tag":[],"class_list":{"0":"post-29553","1":"product","2":"type-product","3":"status-publish","4":"has-post-thumbnail","6":"product_cat-wholesale-chocolate-covered-peanuts","8":"first","9":"instock","10":"shipping-taxable","11":"product-type-simple"},"_links":{"self":[{"href":"https:\/\/jxgchocolate.com\/pt\/wp-json\/wp\/v2\/product\/29553","targetHints":{"allow":["GET"]}}],"collection":[{"href":"https:\/\/jxgchocolate.com\/pt\/wp-json\/wp\/v2\/product"}],"about":[{"href":"https:\/\/jxgchocolate.com\/pt\/wp-json\/wp\/v2\/types\/product"}],"replies":[{"embeddable":true,"href":"https:\/\/jxgchocolate.com\/pt\/wp-json\/wp\/v2\/comments?post=29553"}],"version-history":[{"count":0,"href":"https:\/\/jxgchocolate.com\/pt\/wp-json\/wp\/v2\/product\/29553\/revisions"}],"wp:featuredmedia":[{"embeddable":true,"href":"https:\/\/jxgchocolate.com\/pt\/wp-json\/wp\/v2\/media\/29558"}],"wp:attachment":[{"href":"https:\/\/jxgchocolate.com\/pt\/wp-json\/wp\/v2\/media?parent=29553"}],"wp:term":[{"taxonomy":"product_cat","embeddable":true,"href":"https:\/\/jxgchocolate.com\/pt\/wp-json\/wp\/v2\/product_cat?post=29553"},{"taxonomy":"product_tag","embeddable":true,"href":"https:\/\/jxgchocolate.com\/pt\/wp-json\/wp\/v2\/product_tag?post=29553"}],"curies":[{"name":"wp","href":"https:\/\/api.w.org\/{rel}","templated":true}]}}