{"id":29564,"date":"2025-03-04T06:50:20","date_gmt":"2025-03-04T06:50:20","guid":{"rendered":"https:\/\/jxgchocolate.com\/?post_type=product&#038;p=29564"},"modified":"2025-03-04T06:50:23","modified_gmt":"2025-03-04T06:50:23","slug":"chocolate-balls-bulk","status":"publish","type":"product","link":"https:\/\/jxgchocolate.com\/pt\/produto\/chocolate-balls-bulk\/","title":{"rendered":"Novas Bolas de Chocolate a granel, Bolas de Chocolate Crocantes por atacado"},"content":{"rendered":"<div class=\"wp-block-columns is-layout-flex wp-container-core-columns-is-layout-9d6595d7 wp-block-columns-is-layout-flex\">\n<div class=\"wp-block-column is-layout-flow wp-block-column-is-layout-flow\">\n<h2 class=\"wp-block-heading\">Bolas de chocolate de alta qualidade a granel Carater\u00edsticas:<\/h2>\n\n\n\n<ul class=\"wp-block-list\">\n<li><strong>Duplo sabor \u00fanico:<\/strong> As nossas bolas de chocolate crocantes por atacado s\u00e3o feitas de chocolate exterior suave e biscoitos interiores estaladi\u00e7os, criando uma experi\u00eancia de sabor contrastante mas harmoniosa. Do chocolate doce \u00e0s bolachas estaladi\u00e7as, proporciona aos consumidores uma profunda sensa\u00e7\u00e3o de sabor.<\/li>\n\n\n\n<li><strong>Combina\u00e7\u00e3o cl\u00e1ssica de sabores:<\/strong> As bolas de chocolate a granel s\u00e3o a combina\u00e7\u00e3o de bolachas e sabores de chocolate que existe h\u00e1 muitos anos e provou ser um dos sabores cl\u00e1ssicos populares, que \u00e9 adequado para pessoas de qualquer faixa et\u00e1ria. Para al\u00e9m das bolachas originais com cobertura de chocolate de leite, existem tamb\u00e9m v\u00e1rias outras varia\u00e7\u00f5es, como o chocolate preto e o chocolate branco, para satisfazer as necessidades de gosto dos diferentes consumidores.<\/li>\n\n\n\n<li><strong>Nutritivo:<\/strong> As nossas bolas de chocolate crocantes por atacado s\u00e3o uma fonte de hidratos de carbono de qualidade que restauram a energia num curto espa\u00e7o de tempo e s\u00e3o, portanto, adequadas para serem consumidas ap\u00f3s um treino ou quando \u00e9 necess\u00e1ria uma recupera\u00e7\u00e3o r\u00e1pida.<\/li>\n\n\n\n<li><strong>Adequado para v\u00e1rias ocasi\u00f5es: <\/strong>As bolas de chocolate s\u00e3o um lanche para os tempos livres; ser\u00e3o uma del\u00edcia quente, quer seja durante os intervalos de trabalho ou em festas. Tamb\u00e9m podem ser combinadas com uma ch\u00e1vena de ch\u00e1 ou de caf\u00e9 quente para um ch\u00e1 da tarde perfeito. Tamb\u00e9m podem ser utilizadas para criar sobremesas mais criativas, como bolachas de sandu\u00edche, coberturas para bolos, etc., para maximizar o prazer de cozinhar.<\/li>\n<\/ul>\n<\/div>\n\n\n\n<div class=\"wp-block-column is-layout-flow wp-block-column-is-layout-flow\">\n<figure class=\"wp-block-image size-full\"><img fetchpriority=\"high\" decoding=\"async\" width=\"1500\" height=\"2000\" src=\"https:\/\/jxgchocolate.com\/wp-content\/uploads\/2025\/02\/1.webp\" alt=\"Produtos mais recentes Bolas de chocolate a granel, Bolas de chocolate crocantes por atacado-1\" class=\"wp-image-29555\" srcset=\"https:\/\/jxgchocolate.com\/wp-content\/uploads\/2025\/02\/1.webp 1500w, https:\/\/jxgchocolate.com\/wp-content\/uploads\/2025\/02\/1-225x300.webp 225w, https:\/\/jxgchocolate.com\/wp-content\/uploads\/2025\/02\/1-768x1024.webp 768w, https:\/\/jxgchocolate.com\/wp-content\/uploads\/2025\/02\/1-9x12.webp 9w, https:\/\/jxgchocolate.com\/wp-content\/uploads\/2025\/02\/1-430x573.webp 430w, https:\/\/jxgchocolate.com\/wp-content\/uploads\/2025\/02\/1-700x933.webp 700w, https:\/\/jxgchocolate.com\/wp-content\/uploads\/2025\/02\/1-150x200.webp 150w\" sizes=\"(max-width: 1500px) 100vw, 1500px\" \/><\/figure>\n<\/div>\n<\/div>\n\n\n\n<p><\/p>","protected":false},"excerpt":{"rendered":"<p>Bem-vindo a comprar as nossas bolas de chocolate crocantes por atacado. Estas bolas de chocolate a granel n\u00e3o s\u00f3 proporcionam uma nova experi\u00eancia de sabor, mas tamb\u00e9m transmitem um estilo de vida saud\u00e1vel e valor cultural. O seu sabor \u00fanico, a rica sele\u00e7\u00e3o do n\u00facleo interno e as diversas utiliza\u00e7\u00f5es fazem dele a escolha ideal para os consumidores que procuram uma vida de qualidade.<\/p>\n<table width=\"423\">\n<tbody>\n<tr>\n<td width=\"166\">Fabricante<\/td>\n<td width=\"257\">Fruta da sorte<\/td>\n<\/tr>\n<tr>\n<td>MODELO NO.<\/td>\n<td>JXG56<\/td>\n<\/tr>\n<tr>\n<td>Tipo<\/td>\n<td>Biscoitos Chocolate<\/td>\n<\/tr>\n<tr>\n<td>Embalagem<\/td>\n<td>embalagem de garrafas<\/td>\n<\/tr>\n<tr>\n<td>Especifica\u00e7\u00e3o<\/td>\n<td>23g*20Pcs<\/td>\n<\/tr>\n<tr>\n<td>Tamanho da caixa<\/td>\n<td>49*37*26.2<span style=\"font-family: inherit; font-size: inherit;\">cm<\/span><\/td>\n<\/tr>\n<tr>\n<td>N.W \/SET<\/td>\n<td>20 unidades*12garrafas<\/td>\n<\/tr>\n<tr>\n<td>Cor<\/td>\n<td>Como imagem<\/td>\n<\/tr>\n<tr>\n<td>MOQ<\/td>\n<td>500 caixas de cart\u00e3o<\/td>\n<\/tr>\n<tr>\n<td>Personaliza\u00e7\u00e3o<\/td>\n<td>Embalagem\/LOGO<\/td>\n<\/tr>\n<\/tbody>\n<\/table>","protected":false},"featured_media":29566,"comment_status":"closed","ping_status":"closed","template":"","meta":[],"product_cat":[74],"product_tag":[],"class_list":{"0":"post-29564","1":"product","2":"type-product","3":"status-publish","4":"has-post-thumbnail","6":"product_cat-wholesale-crunchy-chocolate-balls","8":"first","9":"instock","10":"shipping-taxable","11":"product-type-simple"},"_links":{"self":[{"href":"https:\/\/jxgchocolate.com\/pt\/wp-json\/wp\/v2\/product\/29564","targetHints":{"allow":["GET"]}}],"collection":[{"href":"https:\/\/jxgchocolate.com\/pt\/wp-json\/wp\/v2\/product"}],"about":[{"href":"https:\/\/jxgchocolate.com\/pt\/wp-json\/wp\/v2\/types\/product"}],"replies":[{"embeddable":true,"href":"https:\/\/jxgchocolate.com\/pt\/wp-json\/wp\/v2\/comments?post=29564"}],"version-history":[{"count":0,"href":"https:\/\/jxgchocolate.com\/pt\/wp-json\/wp\/v2\/product\/29564\/revisions"}],"wp:featuredmedia":[{"embeddable":true,"href":"https:\/\/jxgchocolate.com\/pt\/wp-json\/wp\/v2\/media\/29566"}],"wp:attachment":[{"href":"https:\/\/jxgchocolate.com\/pt\/wp-json\/wp\/v2\/media?parent=29564"}],"wp:term":[{"taxonomy":"product_cat","embeddable":true,"href":"https:\/\/jxgchocolate.com\/pt\/wp-json\/wp\/v2\/product_cat?post=29564"},{"taxonomy":"product_tag","embeddable":true,"href":"https:\/\/jxgchocolate.com\/pt\/wp-json\/wp\/v2\/product_tag?post=29564"}],"curies":[{"name":"wp","href":"https:\/\/api.w.org\/{rel}","templated":true}]}}