{"id":29654,"date":"2025-03-14T01:41:25","date_gmt":"2025-03-14T01:41:25","guid":{"rendered":"https:\/\/jxgchocolate.com\/?post_type=product&#038;p=29654"},"modified":"2025-03-14T01:42:17","modified_gmt":"2025-03-14T01:42:17","slug":"bulk-peanuts-covered-with-chocolate","status":"publish","type":"product","link":"https:\/\/jxgchocolate.com\/pt\/produto\/bulk-peanuts-covered-with-chocolate\/","title":{"rendered":"Amendoim a granel coberto com chocolate, pre\u00e7o direto da f\u00e1brica"},"content":{"rendered":"<div class=\"wp-block-columns is-layout-flex wp-container-core-columns-is-layout-9d6595d7 wp-block-columns-is-layout-flex\">\n<div class=\"wp-block-column is-layout-flow wp-block-column-is-layout-flow\">\n<h2 class=\"wp-block-heading\">Amendoins Premium a granel cobertos com chocolate Carater\u00edsticas:<\/h2>\n\n\n\n<ul class=\"wp-block-list\">\n<li><strong>Amendoins selecionados de alta qualidade: <\/strong>Os nossos amendoins a granel cobertos com chocolate consistem em amendoins especialmente selecionados, que possuem gr\u00e3os integrais, um sabor estaladi\u00e7o e muitas prote\u00ednas, fibras alimentares e gorduras saud\u00e1veis, proporcionando um duplo prazer de sabor e nutri\u00e7\u00e3o.<\/li>\n\n\n\n<li><strong>Embrulho de chocolate sedoso:<\/strong> O nosso amendoim coberto com chocolate por atacado utiliza chocolate de qualidade para cobrir cada amendoim na perfei\u00e7\u00e3o, proporcionando uma experi\u00eancia de sabor arom\u00e1tico e suave. A do\u00e7ura do chocolate e a croc\u00e2ncia do amendoim s\u00e3o perfeitamente combinadas para satisfazer as papilas gustativas de todos os tipos de consumidores.<\/li>\n\n\n\n<li><strong>Fornecimento direto da f\u00e1brica: <\/strong>Estes amendoins a granel cobertos com chocolate s\u00e3o produzidos e fornecidos diretamente pela Jixiangguo Food Factory, com garantia de alta qualidade e pre\u00e7os por grosso muito competitivos, perfeitos para marcas e retalhistas de produtos alimentares venderem a granel.<\/li>\n\n\n\n<li><strong>Aperitivos polivalentes:<\/strong> Os nossos amendoins cobertos de chocolate por atacado s\u00e3o aperitivos perfeitos que podem ser utilizados em supermercados, marcas de aperitivos, caixas de oferta de alimentos, etc. Eles gozam de uma ampla procura no mercado e podem prontamente ajudar o seu neg\u00f3cio a expandir-se.<\/li>\n<\/ul>\n<\/div>\n\n\n\n<div class=\"wp-block-column is-layout-flow wp-block-column-is-layout-flow\">\n<figure class=\"wp-block-image size-full\"><img fetchpriority=\"high\" decoding=\"async\" width=\"750\" height=\"750\" src=\"https:\/\/jxgchocolate.com\/wp-content\/uploads\/2025\/03\/Bulk-Peanut-Chocolate-Candy-With-Colored-Coating-Can-Be-Customized2.webp\" alt=\"Amendoins a granel cobertos com chocolate, pre\u00e7o direto da f\u00e1brica-1\" class=\"wp-image-29656\" srcset=\"https:\/\/jxgchocolate.com\/wp-content\/uploads\/2025\/03\/Bulk-Peanut-Chocolate-Candy-With-Colored-Coating-Can-Be-Customized2.webp 750w, https:\/\/jxgchocolate.com\/wp-content\/uploads\/2025\/03\/Bulk-Peanut-Chocolate-Candy-With-Colored-Coating-Can-Be-Customized2-300x300.webp 300w, https:\/\/jxgchocolate.com\/wp-content\/uploads\/2025\/03\/Bulk-Peanut-Chocolate-Candy-With-Colored-Coating-Can-Be-Customized2-150x150.webp 150w, https:\/\/jxgchocolate.com\/wp-content\/uploads\/2025\/03\/Bulk-Peanut-Chocolate-Candy-With-Colored-Coating-Can-Be-Customized2-12x12.webp 12w, https:\/\/jxgchocolate.com\/wp-content\/uploads\/2025\/03\/Bulk-Peanut-Chocolate-Candy-With-Colored-Coating-Can-Be-Customized2-430x430.webp 430w, https:\/\/jxgchocolate.com\/wp-content\/uploads\/2025\/03\/Bulk-Peanut-Chocolate-Candy-With-Colored-Coating-Can-Be-Customized2-700x700.webp 700w\" sizes=\"(max-width: 750px) 100vw, 750px\" \/><\/figure>\n<\/div>\n<\/div>","protected":false},"excerpt":{"rendered":"<p>Bem-vindo a comprar amendoins cobertos com chocolate por atacado. Os nossos amendoins a granel cobertos com chocolate consistem em amendoins escolhidos de alta qualidade, revestidos com chocolate rico e suave, e cada mordida d\u00e1 uma mistura ideal de croc\u00e2ncia e suavidade. Fornecimento direto da f\u00e1brica, pre\u00e7o favor\u00e1vel e oferta de encomenda a granel e servi\u00e7os de personaliza\u00e7\u00e3o OEM.<\/p>\n<table width=\"423\">\n<tbody>\n<tr>\n<td width=\"166\">Fabricante<\/td>\n<td width=\"257\">Fruta da sorte<\/td>\n<\/tr>\n<tr>\n<td>MODELO NO.<\/td>\n<td>JXG58<\/td>\n<\/tr>\n<tr>\n<td>Tipo<\/td>\n<td>Amendoins Chocolate<\/td>\n<\/tr>\n<tr>\n<td>Embalagem<\/td>\n<td>Embalagem em caixa<\/td>\n<\/tr>\n<tr>\n<td>Especifica\u00e7\u00e3o<\/td>\n<td>16g*30Pcs<\/td>\n<\/tr>\n<tr>\n<td>Tamanho da caixa<\/td>\n<td>54.5*29.5*31.5<span style=\"font-family: inherit; font-size: inherit;\">cm<\/span><\/td>\n<\/tr>\n<tr>\n<td>N.W \/SET<\/td>\n<td>30 unidades*24 caixas<\/td>\n<\/tr>\n<tr>\n<td>Cor<\/td>\n<td>Como imagem<\/td>\n<\/tr>\n<tr>\n<td>MOQ<\/td>\n<td>500 caixas de cart\u00e3o<\/td>\n<\/tr>\n<tr>\n<td>Personaliza\u00e7\u00e3o<\/td>\n<td>Embalagem\/LOGO<\/td>\n<\/tr>\n<\/tbody>\n<\/table>","protected":false},"featured_media":29659,"comment_status":"closed","ping_status":"closed","template":"","meta":[],"product_cat":[73],"product_tag":[],"class_list":{"0":"post-29654","1":"product","2":"type-product","3":"status-publish","4":"has-post-thumbnail","6":"product_cat-wholesale-chocolate-covered-peanuts","8":"first","9":"instock","10":"shipping-taxable","11":"product-type-simple"},"_links":{"self":[{"href":"https:\/\/jxgchocolate.com\/pt\/wp-json\/wp\/v2\/product\/29654","targetHints":{"allow":["GET"]}}],"collection":[{"href":"https:\/\/jxgchocolate.com\/pt\/wp-json\/wp\/v2\/product"}],"about":[{"href":"https:\/\/jxgchocolate.com\/pt\/wp-json\/wp\/v2\/types\/product"}],"replies":[{"embeddable":true,"href":"https:\/\/jxgchocolate.com\/pt\/wp-json\/wp\/v2\/comments?post=29654"}],"version-history":[{"count":0,"href":"https:\/\/jxgchocolate.com\/pt\/wp-json\/wp\/v2\/product\/29654\/revisions"}],"wp:featuredmedia":[{"embeddable":true,"href":"https:\/\/jxgchocolate.com\/pt\/wp-json\/wp\/v2\/media\/29659"}],"wp:attachment":[{"href":"https:\/\/jxgchocolate.com\/pt\/wp-json\/wp\/v2\/media?parent=29654"}],"wp:term":[{"taxonomy":"product_cat","embeddable":true,"href":"https:\/\/jxgchocolate.com\/pt\/wp-json\/wp\/v2\/product_cat?post=29654"},{"taxonomy":"product_tag","embeddable":true,"href":"https:\/\/jxgchocolate.com\/pt\/wp-json\/wp\/v2\/product_tag?post=29654"}],"curies":[{"name":"wp","href":"https:\/\/api.w.org\/{rel}","templated":true}]}}