{"id":29683,"date":"2025-03-22T07:58:40","date_gmt":"2025-03-22T07:58:40","guid":{"rendered":"https:\/\/jxgchocolate.com\/?post_type=product&#038;p=29683"},"modified":"2025-03-22T09:00:06","modified_gmt":"2025-03-22T09:00:06","slug":"wholesale-milk-chocolate-candy","status":"publish","type":"product","link":"https:\/\/jxgchocolate.com\/pt\/produto\/wholesale-milk-chocolate-candy\/","title":{"rendered":"Chocolate de leite por atacado,Sementes de girassol de chocolate com sabor mais \u00e1cido a granel"},"content":{"rendered":"<div class=\"wp-block-columns is-layout-flex wp-container-core-columns-is-layout-9d6595d7 wp-block-columns-is-layout-flex\">\n<div class=\"wp-block-column is-layout-flow wp-block-column-is-layout-flow\">\n<h2 class=\"wp-block-heading\">Sementes de girassol Premium Gr\u00e3os de chocolate de leite Carater\u00edsticas:<\/h2>\n\n\n\n<p><strong>Combina\u00e7\u00e3o \u00fanica de sabores:<\/strong> O chocolate de sementes de girassol azedas combina sabores de fruta doce e azeda com um aroma rico a chocolate, proporcionando aos consumidores uma experi\u00eancia de sabor totalmente nova. Esta combina\u00e7\u00e3o \u00fanica de sabores pode estimular a curiosidade e o desejo de compra dos consumidores, satisfazendo a sua procura de novos sabores.<\/p>\n\n\n\n<p><strong>Sabor rico:<\/strong> A combina\u00e7\u00e3o da croc\u00e2ncia das sementes de girassol com a suavidade do chocolate cria um contraste de sabor distinto, tornando cada dentada cheia de camadas. Este sabor rico pode melhorar a experi\u00eancia gastron\u00f3mica dos consumidores e aumentar a atratividade do produto.<\/p>\n\n\n\n<p><strong>Embalagem c\u00f3moda: <\/strong>Pequenos sacos independentes: Os produtos de chocolate com sementes de girassol azedo s\u00e3o embalados em pequenos sacos independentes, f\u00e1ceis de transportar e partilhar, o que os torna muito adequados para actividades ao ar livre e viagens, para serem desfrutados em qualquer altura. Existem tamb\u00e9m vers\u00f5es de embalagens de grande capacidade dispon\u00edveis para utilizadores dom\u00e9sticos, que s\u00e3o econ\u00f3micas e permitem a compra de v\u00e1rios sabores de uma s\u00f3 vez para toda a fam\u00edlia partilhar.<\/p>\n\n\n\n<ol class=\"wp-block-list\">\n<li><\/li>\n<\/ol>\n<\/div>\n\n\n\n<div class=\"wp-block-column is-layout-flow wp-block-column-is-layout-flow\">\n<figure class=\"wp-block-image size-full\"><img fetchpriority=\"high\" decoding=\"async\" width=\"2000\" height=\"2000\" src=\"https:\/\/jxgchocolate.com\/wp-content\/uploads\/2025\/01\/Super-Sour-Chocolate-Cover-Sunflower-Seeds-Wholesales-In-Bulk2.webp\" alt=\"Sementes de girassol revestidas de chocolate super azedo a granel com saco Pack-2\" class=\"wp-image-29425\" srcset=\"https:\/\/jxgchocolate.com\/wp-content\/uploads\/2025\/01\/Super-Sour-Chocolate-Cover-Sunflower-Seeds-Wholesales-In-Bulk2.webp 2000w, https:\/\/jxgchocolate.com\/wp-content\/uploads\/2025\/01\/Super-Sour-Chocolate-Cover-Sunflower-Seeds-Wholesales-In-Bulk2-300x300.webp 300w, https:\/\/jxgchocolate.com\/wp-content\/uploads\/2025\/01\/Super-Sour-Chocolate-Cover-Sunflower-Seeds-Wholesales-In-Bulk2-150x150.webp 150w, https:\/\/jxgchocolate.com\/wp-content\/uploads\/2025\/01\/Super-Sour-Chocolate-Cover-Sunflower-Seeds-Wholesales-In-Bulk2-768x768.webp 768w, https:\/\/jxgchocolate.com\/wp-content\/uploads\/2025\/01\/Super-Sour-Chocolate-Cover-Sunflower-Seeds-Wholesales-In-Bulk2-12x12.webp 12w, https:\/\/jxgchocolate.com\/wp-content\/uploads\/2025\/01\/Super-Sour-Chocolate-Cover-Sunflower-Seeds-Wholesales-In-Bulk2-430x430.webp 430w, https:\/\/jxgchocolate.com\/wp-content\/uploads\/2025\/01\/Super-Sour-Chocolate-Cover-Sunflower-Seeds-Wholesales-In-Bulk2-700x700.webp 700w\" sizes=\"(max-width: 2000px) 100vw, 2000px\" \/><\/figure>\n<\/div>\n<\/div>","protected":false},"excerpt":{"rendered":"<p>Bem-vindo \u00e0 compra de sementes de girassol com chocolate de leite. Sementes de girassol azedas O chocolate \u00e9 um produto doce \u00fanico que combina a croc\u00e2ncia das sementes de girassol com a do\u00e7ura e suavidade do chocolate, ao mesmo tempo que proporciona uma experi\u00eancia de sabor \u00fanica atrav\u00e9s da adi\u00e7\u00e3o de elementos azedos.<\/p>\n<table width=\"423\">\n<tbody>\n<tr>\n<td width=\"166\">Fabricante<\/td>\n<td width=\"257\">Fruta da sorte<\/td>\n<\/tr>\n<tr>\n<td>MODELO NO.<\/td>\n<td>JXG52<\/td>\n<\/tr>\n<tr>\n<td>Tipo<\/td>\n<td>Sementes de girassol Chocolate<\/td>\n<\/tr>\n<tr>\n<td>Embalagem<\/td>\n<td>Embalagem em caixa<\/td>\n<\/tr>\n<tr>\n<td>Especifica\u00e7\u00e3o<\/td>\n<td>238g<\/td>\n<\/tr>\n<tr>\n<td>Tamanho da caixa<\/td>\n<td>49,5*29*32,5cm<\/td>\n<\/tr>\n<tr>\n<td>N.W \/SET<\/td>\n<td>238g*20sacos<\/td>\n<\/tr>\n<tr>\n<td>Cor<\/td>\n<td>Como imagem<\/td>\n<\/tr>\n<tr>\n<td>MOQ<\/td>\n<td>500 caixas de cart\u00e3o<\/td>\n<\/tr>\n<tr>\n<td>Personaliza\u00e7\u00e3o<\/td>\n<td>Embalagem\/LOGO<\/td>\n<\/tr>\n<\/tbody>\n<\/table>\n<p>&nbsp;<\/p>","protected":false},"featured_media":29426,"comment_status":"closed","ping_status":"closed","template":"","meta":[],"product_cat":[72],"product_tag":[],"class_list":{"0":"post-29683","1":"product","2":"type-product","3":"status-publish","4":"has-post-thumbnail","6":"product_cat-wholesale-chocolate-covered-sunflower-seeds","8":"first","9":"instock","10":"shipping-taxable","11":"product-type-simple"},"_links":{"self":[{"href":"https:\/\/jxgchocolate.com\/pt\/wp-json\/wp\/v2\/product\/29683","targetHints":{"allow":["GET"]}}],"collection":[{"href":"https:\/\/jxgchocolate.com\/pt\/wp-json\/wp\/v2\/product"}],"about":[{"href":"https:\/\/jxgchocolate.com\/pt\/wp-json\/wp\/v2\/types\/product"}],"replies":[{"embeddable":true,"href":"https:\/\/jxgchocolate.com\/pt\/wp-json\/wp\/v2\/comments?post=29683"}],"version-history":[{"count":0,"href":"https:\/\/jxgchocolate.com\/pt\/wp-json\/wp\/v2\/product\/29683\/revisions"}],"wp:featuredmedia":[{"embeddable":true,"href":"https:\/\/jxgchocolate.com\/pt\/wp-json\/wp\/v2\/media\/29426"}],"wp:attachment":[{"href":"https:\/\/jxgchocolate.com\/pt\/wp-json\/wp\/v2\/media?parent=29683"}],"wp:term":[{"taxonomy":"product_cat","embeddable":true,"href":"https:\/\/jxgchocolate.com\/pt\/wp-json\/wp\/v2\/product_cat?post=29683"},{"taxonomy":"product_tag","embeddable":true,"href":"https:\/\/jxgchocolate.com\/pt\/wp-json\/wp\/v2\/product_tag?post=29683"}],"curies":[{"name":"wp","href":"https:\/\/api.w.org\/{rel}","templated":true}]}}