{"id":29688,"date":"2025-03-22T08:35:20","date_gmt":"2025-03-22T08:35:20","guid":{"rendered":"https:\/\/jxgchocolate.com\/?post_type=product&#038;p=29688"},"modified":"2025-03-22T08:35:22","modified_gmt":"2025-03-22T08:35:22","slug":"sunflower-seed-chocolate-wholesale","status":"publish","type":"product","link":"https:\/\/jxgchocolate.com\/pt\/produto\/sunflower-seed-chocolate-wholesale\/","title":{"rendered":"Chocolate com sabor azedo de semente de girassol por atacado, comprar doces de chocolate a granel"},"content":{"rendered":"<div class=\"wp-block-columns is-layout-flex wp-container-core-columns-is-layout-9d6595d7 wp-block-columns-is-layout-flex\">\n<div class=\"wp-block-column is-layout-flow wp-block-column-is-layout-flow\">\n<h2 class=\"wp-block-heading\">Chocolate de Sementes de Girassol Premium por atacado Carater\u00edsticas:<\/h2>\n\n\n\n<p><strong>Conceito de sa\u00fade:<\/strong> Comprar bombons de chocolate a granel, os \u00e1cidos gordos insaturados, as prote\u00ednas e outros minerais e vitaminas contidos nas sementes de girassol s\u00e3o saud\u00e1veis para o corpo dos seres humanos. A ingest\u00e3o moderada de chocolate tamb\u00e9m tem o papel de equilibrar as emo\u00e7\u00f5es e aliviar o stress. Com ambos, o chocolate azedo de sementes de girassol n\u00e3o s\u00f3 tem um sabor \u00f3timo, mas tamb\u00e9m a ideia de comer de forma saud\u00e1vel.<\/p>\n\n\n\n<p><strong>Design inovador: <\/strong>O chocolate com sementes de girassol azedo por grosso tem um design de apar\u00eancia \u00fanica, utilizando normalmente embalagens pequenas e finas que podem ser facilmente levadas consigo e distribu\u00eddas. A embalagem do produto pode tamb\u00e9m incluir elementos de moda e padr\u00f5es criativos, a fim de captar a aten\u00e7\u00e3o dos consumidores mais jovens.<\/p>\n\n\n\n<p><strong>Resson\u00e2ncia emocional: <\/strong>Como petisco tradicional, o chocolate de sementes de girassol por atacado cont\u00e9m as mem\u00f3rias de inf\u00e2ncia e o apoio emocional de muitas pessoas. A mistura de sementes de girassol com chocolate n\u00e3o s\u00f3 satisfaz as papilas gustativas como tamb\u00e9m produz uma resson\u00e2ncia emocional nos consumidores, aumentando ainda mais o valor acrescentado do produto.<\/p>\n\n\n\n<p><strong>Vasta gama de cen\u00e1rios de aplica\u00e7\u00e3o:<\/strong> Comprar bombons de chocolate a granel,<strong> <\/strong>O chocolate de sementes de girassol azedo pode ser aplicado em v\u00e1rios cen\u00e1rios de utiliza\u00e7\u00e3o, como aperitivos de tempo livre, parceiros de teatro ou oferta de presentes festivos. O seu sabor \u00fanico e a sua embalagem requintada fazem dele um meio de comunica\u00e7\u00e3o social popular, ajudando a aproximar as pessoas.<\/p>\n<\/div>\n\n\n\n<div class=\"wp-block-column is-layout-flow wp-block-column-is-layout-flow\">\n<figure class=\"wp-block-image size-full\"><img fetchpriority=\"high\" decoding=\"async\" width=\"2000\" height=\"2000\" src=\"https:\/\/jxgchocolate.com\/wp-content\/uploads\/2025\/01\/Wholesales-New-Taste-Extreme-Sour-Sunflower-Seeds-Milk-Chocolate-Beans-In-Bulk1.webp\" alt=\"chocolate com sementes de girassol com sabor a azedo - venda por grosso a granel de bombons de chocolate - 1\" class=\"wp-image-29406\" srcset=\"https:\/\/jxgchocolate.com\/wp-content\/uploads\/2025\/01\/Wholesales-New-Taste-Extreme-Sour-Sunflower-Seeds-Milk-Chocolate-Beans-In-Bulk1.webp 2000w, https:\/\/jxgchocolate.com\/wp-content\/uploads\/2025\/01\/Wholesales-New-Taste-Extreme-Sour-Sunflower-Seeds-Milk-Chocolate-Beans-In-Bulk1-300x300.webp 300w, https:\/\/jxgchocolate.com\/wp-content\/uploads\/2025\/01\/Wholesales-New-Taste-Extreme-Sour-Sunflower-Seeds-Milk-Chocolate-Beans-In-Bulk1-150x150.webp 150w, https:\/\/jxgchocolate.com\/wp-content\/uploads\/2025\/01\/Wholesales-New-Taste-Extreme-Sour-Sunflower-Seeds-Milk-Chocolate-Beans-In-Bulk1-768x768.webp 768w, https:\/\/jxgchocolate.com\/wp-content\/uploads\/2025\/01\/Wholesales-New-Taste-Extreme-Sour-Sunflower-Seeds-Milk-Chocolate-Beans-In-Bulk1-12x12.webp 12w, https:\/\/jxgchocolate.com\/wp-content\/uploads\/2025\/01\/Wholesales-New-Taste-Extreme-Sour-Sunflower-Seeds-Milk-Chocolate-Beans-In-Bulk1-430x430.webp 430w, https:\/\/jxgchocolate.com\/wp-content\/uploads\/2025\/01\/Wholesales-New-Taste-Extreme-Sour-Sunflower-Seeds-Milk-Chocolate-Beans-In-Bulk1-700x700.webp 700w\" sizes=\"(max-width: 2000px) 100vw, 2000px\" \/><\/figure>\n<\/div>\n<\/div>\n\n\n\n<p><\/p>","protected":false},"excerpt":{"rendered":"<p>Bem-vindo ao comprar doces de chocolate a granel. O nosso chocolate de semente de girassol azedo por atacado n\u00e3o s\u00f3 oferece uma nova experi\u00eancia de sabor, mas tamb\u00e9m representa a filosofia de uma vida saud\u00e1vel e conota\u00e7\u00e3o cultural. Com sua mistura \u00fanica de sabores, sabor robusto e amplo uso, \u00e9 uma \u00f3tima op\u00e7\u00e3o para os consumidores buscarem uma vida melhor.<\/p>\n<table width=\"423\">\n<tbody>\n<tr>\n<td width=\"166\">Fabricante<\/td>\n<td width=\"257\">Fruta da sorte<\/td>\n<\/tr>\n<tr>\n<td>MODELO NO.<\/td>\n<td>JXG51<\/td>\n<\/tr>\n<tr>\n<td>Tipo<\/td>\n<td>Sementes de girassol Chocolate<\/td>\n<\/tr>\n<tr>\n<td>Embalagem<\/td>\n<td>Embalagem em caixa<\/td>\n<\/tr>\n<tr>\n<td>Especifica\u00e7\u00e3o<\/td>\n<td>20 sacos*12 caixas<\/td>\n<\/tr>\n<tr>\n<td>Tamanho da caixa<\/td>\n<td>55*23*36cm<\/td>\n<\/tr>\n<tr>\n<td>N.W \/SET<\/td>\n<td>23g*20sacos<\/td>\n<\/tr>\n<tr>\n<td>Cor<\/td>\n<td>Como imagem<\/td>\n<\/tr>\n<tr>\n<td>MOQ<\/td>\n<td>500 caixas de cart\u00e3o<\/td>\n<\/tr>\n<tr>\n<td>Personaliza\u00e7\u00e3o<\/td>\n<td>Embalagem\/LOGO<\/td>\n<\/tr>\n<\/tbody>\n<\/table>","protected":false},"featured_media":29406,"comment_status":"closed","ping_status":"closed","template":"","meta":[],"product_cat":[72],"product_tag":[],"class_list":{"0":"post-29688","1":"product","2":"type-product","3":"status-publish","4":"has-post-thumbnail","6":"product_cat-wholesale-chocolate-covered-sunflower-seeds","8":"first","9":"instock","10":"shipping-taxable","11":"product-type-simple"},"_links":{"self":[{"href":"https:\/\/jxgchocolate.com\/pt\/wp-json\/wp\/v2\/product\/29688","targetHints":{"allow":["GET"]}}],"collection":[{"href":"https:\/\/jxgchocolate.com\/pt\/wp-json\/wp\/v2\/product"}],"about":[{"href":"https:\/\/jxgchocolate.com\/pt\/wp-json\/wp\/v2\/types\/product"}],"replies":[{"embeddable":true,"href":"https:\/\/jxgchocolate.com\/pt\/wp-json\/wp\/v2\/comments?post=29688"}],"version-history":[{"count":0,"href":"https:\/\/jxgchocolate.com\/pt\/wp-json\/wp\/v2\/product\/29688\/revisions"}],"wp:featuredmedia":[{"embeddable":true,"href":"https:\/\/jxgchocolate.com\/pt\/wp-json\/wp\/v2\/media\/29406"}],"wp:attachment":[{"href":"https:\/\/jxgchocolate.com\/pt\/wp-json\/wp\/v2\/media?parent=29688"}],"wp:term":[{"taxonomy":"product_cat","embeddable":true,"href":"https:\/\/jxgchocolate.com\/pt\/wp-json\/wp\/v2\/product_cat?post=29688"},{"taxonomy":"product_tag","embeddable":true,"href":"https:\/\/jxgchocolate.com\/pt\/wp-json\/wp\/v2\/product_tag?post=29688"}],"curies":[{"name":"wp","href":"https:\/\/api.w.org\/{rel}","templated":true}]}}