{"id":29719,"date":"2025-04-01T02:47:35","date_gmt":"2025-04-01T02:47:35","guid":{"rendered":"https:\/\/jxgchocolate.com\/?post_type=product&#038;p=29719"},"modified":"2025-04-01T02:47:37","modified_gmt":"2025-04-01T02:47:37","slug":"white-chocolate-covered-sunflower-seeds-bulk","status":"publish","type":"product","link":"https:\/\/jxgchocolate.com\/pt\/produto\/white-chocolate-covered-sunflower-seeds-bulk\/","title":{"rendered":"Sementes de girassol cobertas com chocolate branco super \u00e1cido a granel com embalagens diferentes"},"content":{"rendered":"<div class=\"wp-block-columns is-layout-flex wp-container-core-columns-is-layout-9d6595d7 wp-block-columns-is-layout-flex\">\n<div class=\"wp-block-column is-layout-flow wp-block-column-is-layout-flow\">\n<h2 class=\"wp-block-heading\">Sementes de girassol cobertas com chocolate branco Premium Carater\u00edsticas a granel:<\/h2>\n\n\n\n<p><strong>Saud\u00e1vel: <\/strong>Os \u00e1cidos gordos monoinsaturados e polinsaturados saud\u00e1veis presentes nestas sementes de girassol com chocolate s\u00e3o excelentes para um sistema cardiovascular saud\u00e1vel. Est\u00e1 entre as prote\u00ednas vegetais de alta qualidade e \u00e9 particularmente adequada para vegetarianos ou como fonte de substitui\u00e7\u00e3o de prote\u00ednas. Cont\u00e9m nutrientes preciosos como a vitamina E, o magn\u00e9sio e o zinco, ben\u00e9ficos para a sa\u00fade f\u00edsica.<\/p>\n\n\n\n<p><strong>Adequado para v\u00e1rias ocasi\u00f5es: <\/strong>A massa de sementes de girassol cobertas com chocolate branco \u00e9 adequada como snack para os tempos livres, oferecendo um prazer agrad\u00e1vel nas pausas do trabalho ou em reuni\u00f5es familiares. Combine-as com uma ch\u00e1vena de ch\u00e1 ou caf\u00e9 quente para fazer um ch\u00e1 da tarde Dim sum perfeito. Tamb\u00e9m pode ser utilizado para fazer sobremesas mais criativas, como bolachas de sandu\u00edche, decora\u00e7\u00f5es para bolos, etc., para aumentar o prazer de cozinhar.<\/p>\n\n\n\n<p><strong>Uma forma criativa de comer:<\/strong> O chocolate branco azedo coberto com sementes de girassol a granel \u00e9 mais agrad\u00e1vel quando \u00e9 tomado juntamente com ch\u00e1 verde, ch\u00e1 oolong ou qualquer outro tipo de ch\u00e1, apresentando assim uma experi\u00eancia mais saborosa. Derreta o chocolate azedo de sementes de girassol e use-o em bolachas, bolos ou p\u00e3o para dar mais sabor e gosto. Tamb\u00e9m pode derreter e aquecer o chocolate de sementes de girassol azedo como molho para frutas, frutos secos ou outros snacks, com um toque de do\u00e7ura e frescura.<\/p>\n\n\n\n<p><strong>V\u00e1rias embalagens: <\/strong>Estas sementes de girassol de chocolate por atacado s\u00e3o a granel e com m\u00faltiplas especifica\u00e7\u00f5es, prontas para necessidades de retalho, por atacado e personalizadas.<\/p>\n<\/div>\n\n\n\n<div class=\"wp-block-column is-layout-flow wp-block-column-is-layout-flow\">\n<figure class=\"wp-block-image size-full\"><img fetchpriority=\"high\" decoding=\"async\" width=\"1500\" height=\"1500\" src=\"https:\/\/jxgchocolate.com\/wp-content\/uploads\/2025\/03\/super-sour-white-chocolate-covered-sunflower-seeds-bulk-with-different-packaging-5.webp\" alt=\"sementes de girassol cobertas com chocolate branco super-azedo - pacote com embalagem diferente - 5\" class=\"wp-image-29737\" srcset=\"https:\/\/jxgchocolate.com\/wp-content\/uploads\/2025\/03\/super-sour-white-chocolate-covered-sunflower-seeds-bulk-with-different-packaging-5.webp 1500w, https:\/\/jxgchocolate.com\/wp-content\/uploads\/2025\/03\/super-sour-white-chocolate-covered-sunflower-seeds-bulk-with-different-packaging-5-300x300.webp 300w, https:\/\/jxgchocolate.com\/wp-content\/uploads\/2025\/03\/super-sour-white-chocolate-covered-sunflower-seeds-bulk-with-different-packaging-5-150x150.webp 150w, https:\/\/jxgchocolate.com\/wp-content\/uploads\/2025\/03\/super-sour-white-chocolate-covered-sunflower-seeds-bulk-with-different-packaging-5-768x768.webp 768w, https:\/\/jxgchocolate.com\/wp-content\/uploads\/2025\/03\/super-sour-white-chocolate-covered-sunflower-seeds-bulk-with-different-packaging-5-12x12.webp 12w, https:\/\/jxgchocolate.com\/wp-content\/uploads\/2025\/03\/super-sour-white-chocolate-covered-sunflower-seeds-bulk-with-different-packaging-5-430x430.webp 430w, https:\/\/jxgchocolate.com\/wp-content\/uploads\/2025\/03\/super-sour-white-chocolate-covered-sunflower-seeds-bulk-with-different-packaging-5-700x700.webp 700w\" sizes=\"(max-width: 1500px) 100vw, 1500px\" \/><\/figure>\n<\/div>\n<\/div>\n\n\n\n<p><\/p>","protected":false},"excerpt":{"rendered":"<p>Bem-vindo \u00e0 compra de sementes de girassol cobertas com chocolate branco super azedo a granel. Este chocolate de sementes de girassol por atacado \u00e9 um produto \u00fanico de doces azedos que combina a croc\u00e2ncia das sementes de girassol com a do\u00e7ura e suavidade do chocolate, proporcionando uma experi\u00eancia de sabor \u00fanica ao adicionar elementos azedos.<\/p>\n<table width=\"423\">\n<tbody>\n<tr>\n<td width=\"166\">Fabricante<\/td>\n<td width=\"257\">Fruta da sorte<\/td>\n<\/tr>\n<tr>\n<td>MODELO NO.<\/td>\n<td>JXG53<\/td>\n<\/tr>\n<tr>\n<td>Tipo<\/td>\n<td>Sementes de girassol Chocolate<\/td>\n<\/tr>\n<tr>\n<td>Embalagem<\/td>\n<td>Embalagem em caixa<\/td>\n<\/tr>\n<tr>\n<td>Especifica\u00e7\u00e3o<\/td>\n<td>238g<\/td>\n<\/tr>\n<tr>\n<td>Tamanho da caixa<\/td>\n<td>49,5*29*32,5cm<\/td>\n<\/tr>\n<tr>\n<td>N.W \/SET<\/td>\n<td>238g*20sacos<\/td>\n<\/tr>\n<tr>\n<td>Cor<\/td>\n<td>Como imagem<\/td>\n<\/tr>\n<tr>\n<td>MOQ<\/td>\n<td>500 caixas de cart\u00e3o<\/td>\n<\/tr>\n<tr>\n<td>Personaliza\u00e7\u00e3o<\/td>\n<td>Embalagem\/LOGO<\/td>\n<\/tr>\n<\/tbody>\n<\/table>","protected":false},"featured_media":29735,"comment_status":"closed","ping_status":"closed","template":"","meta":[],"product_cat":[72],"product_tag":[],"class_list":{"0":"post-29719","1":"product","2":"type-product","3":"status-publish","4":"has-post-thumbnail","6":"product_cat-wholesale-chocolate-covered-sunflower-seeds","8":"first","9":"instock","10":"shipping-taxable","11":"product-type-simple"},"_links":{"self":[{"href":"https:\/\/jxgchocolate.com\/pt\/wp-json\/wp\/v2\/product\/29719","targetHints":{"allow":["GET"]}}],"collection":[{"href":"https:\/\/jxgchocolate.com\/pt\/wp-json\/wp\/v2\/product"}],"about":[{"href":"https:\/\/jxgchocolate.com\/pt\/wp-json\/wp\/v2\/types\/product"}],"replies":[{"embeddable":true,"href":"https:\/\/jxgchocolate.com\/pt\/wp-json\/wp\/v2\/comments?post=29719"}],"version-history":[{"count":0,"href":"https:\/\/jxgchocolate.com\/pt\/wp-json\/wp\/v2\/product\/29719\/revisions"}],"wp:featuredmedia":[{"embeddable":true,"href":"https:\/\/jxgchocolate.com\/pt\/wp-json\/wp\/v2\/media\/29735"}],"wp:attachment":[{"href":"https:\/\/jxgchocolate.com\/pt\/wp-json\/wp\/v2\/media?parent=29719"}],"wp:term":[{"taxonomy":"product_cat","embeddable":true,"href":"https:\/\/jxgchocolate.com\/pt\/wp-json\/wp\/v2\/product_cat?post=29719"},{"taxonomy":"product_tag","embeddable":true,"href":"https:\/\/jxgchocolate.com\/pt\/wp-json\/wp\/v2\/product_tag?post=29719"}],"curies":[{"name":"wp","href":"https:\/\/api.w.org\/{rel}","templated":true}]}}