{"id":29749,"date":"2025-04-07T07:14:49","date_gmt":"2025-04-07T07:14:49","guid":{"rendered":"https:\/\/jxgchocolate.com\/?post_type=product&#038;p=29749"},"modified":"2025-04-07T07:14:52","modified_gmt":"2025-04-07T07:14:52","slug":"maltesers-wholesale","status":"publish","type":"product","link":"https:\/\/jxgchocolate.com\/pt\/produto\/maltesers-wholesale\/","title":{"rendered":"Maltesers Cl\u00e1ssicos por Atacado, Bolas de Chocolate por Atacado com Sandu\u00edche de Biscoito"},"content":{"rendered":"<div class=\"wp-block-columns is-layout-flex wp-container-core-columns-is-layout-9d6595d7 wp-block-columns-is-layout-flex\">\n<div class=\"wp-block-column is-layout-flow wp-block-column-is-layout-flow\">\n<h2 class=\"wp-block-heading\">Premium Maltesers Wholesale Carater\u00edsticas:<\/h2>\n\n\n\n<p><strong>Experi\u00eancia de sabor \u00fanica:<\/strong> Estas bolas de chocolate para venda por grosso em sandu\u00edche de bolacha tendem a ter um revestimento de chocolate suave no exterior e um centro de malte estaladi\u00e7o no interior, proporcionando uma transi\u00e7\u00e3o de sabor rico do suave para o estaladi\u00e7o. Em compara\u00e7\u00e3o com outros produtos de chocolate, a estrutura interna de Malibu \u00e9 comparativamente leve e longe de ser gordurosa, o que facilita para quem gosta de doces.<\/p>\n\n\n\n<p><strong>Cl\u00e1ssico e nost\u00e1lgico: <\/strong>Sendo uma marca com uma longa hist\u00f3ria, a Mylikes transporta as mem\u00f3rias de inf\u00e2ncia de muitas pessoas. Para aqueles que esperam reviver belas recorda\u00e7\u00f5es, n\u00e3o se trata apenas de um snack, mas tamb\u00e9m de uma liga\u00e7\u00e3o emocional. Podemos personalizar designs de embalagens para Maltesers por atacado com um estilo retro para evocar ainda mais as emo\u00e7\u00f5es nost\u00e1lgicas dos consumidores.<\/p>\n\n\n\n<p><strong>Design de embalagem c\u00f3modo:<\/strong> As maltesers cl\u00e1ssicas por grosso s\u00e3o concebidas em pequenos sacos independentes, f\u00e1ceis de transportar e partilhar, o que as torna muito adequadas para actividades ao ar livre e viagens, para desfrutar em qualquer altura. Uma embalagem em caixa de grande capacidade concebida para utilizadores dom\u00e9sticos, que \u00e9 econ\u00f3mica e permite a compra de v\u00e1rios sabores de uma s\u00f3 vez para toda a fam\u00edlia partilhar.<\/p>\n\n\n\n<p><strong>Adequado para vendas em v\u00e1rios cen\u00e1rios:<\/strong> Estas embalagens de marca por atacado de maltesers ou especifica\u00e7\u00f5es a granel podem ser personalizadas de acordo com a procura do mercado; adequadas para o retalho, supermercados, lojas de snacks casuais e caixas de oferta de f\u00e9rias a condizer.<\/p>\n<\/div>\n\n\n\n<div class=\"wp-block-column is-layout-flow wp-block-column-is-layout-flow\">\n<figure class=\"wp-block-image size-full\"><img fetchpriority=\"high\" decoding=\"async\" width=\"750\" height=\"750\" src=\"https:\/\/jxgchocolate.com\/wp-content\/uploads\/2025\/04\/Classical-Mylikes-Chocolate-Beans-with-Biscuit-Sandwich-From-China-Supplier1.webp\" alt=\"classical-maltesers-wholesale-wholesale-chocolate-balls-with-biscuit-sandwich-1\" class=\"wp-image-29753\" srcset=\"https:\/\/jxgchocolate.com\/wp-content\/uploads\/2025\/04\/Classical-Mylikes-Chocolate-Beans-with-Biscuit-Sandwich-From-China-Supplier1.webp 750w, https:\/\/jxgchocolate.com\/wp-content\/uploads\/2025\/04\/Classical-Mylikes-Chocolate-Beans-with-Biscuit-Sandwich-From-China-Supplier1-300x300.webp 300w, https:\/\/jxgchocolate.com\/wp-content\/uploads\/2025\/04\/Classical-Mylikes-Chocolate-Beans-with-Biscuit-Sandwich-From-China-Supplier1-150x150.webp 150w, https:\/\/jxgchocolate.com\/wp-content\/uploads\/2025\/04\/Classical-Mylikes-Chocolate-Beans-with-Biscuit-Sandwich-From-China-Supplier1-12x12.webp 12w, https:\/\/jxgchocolate.com\/wp-content\/uploads\/2025\/04\/Classical-Mylikes-Chocolate-Beans-with-Biscuit-Sandwich-From-China-Supplier1-430x430.webp 430w, https:\/\/jxgchocolate.com\/wp-content\/uploads\/2025\/04\/Classical-Mylikes-Chocolate-Beans-with-Biscuit-Sandwich-From-China-Supplier1-700x700.webp 700w\" sizes=\"(max-width: 750px) 100vw, 750px\" \/><\/figure>\n<\/div>\n<\/div>","protected":false},"excerpt":{"rendered":"<p>Bem-vindo \u00e0 compra de maltesers por grosso. As bolas de chocolate por atacado da Mylikes com sandu\u00edches de biscoito ocupam um lugar entre muitos produtos de chocolate com seu sabor \u00fanico, imagem de marca cl\u00e1ssica e diversas op\u00e7\u00f5es de sabor. Seja como um lanche di\u00e1rio, presente de feriado ou lembran\u00e7a de ocasi\u00e3o especial, as bolas de chocolate Malteser podem trazer prazer agrad\u00e1vel aos consumidores.<\/p>\n<table style=\"border-collapse: collapse; width: 275.02pt;\" border=\"0\" width=\"275\" cellspacing=\"0\" cellpadding=\"0\">\n<tbody>\n<tr style=\"height: 17.60pt;\">\n<td class=\"et3\" style=\"height: 17.60pt; width: 108.35pt;\" width=\"108\" height=\"17\">Fabricante<\/td>\n<td class=\"et3\" style=\"width: 167.10pt;\" width=\"167\">G\u00e9meos sortudos<\/td>\n<\/tr>\n<tr style=\"height: 17.60pt;\">\n<td class=\"et3\" style=\"height: 17.60pt;\" height=\"17\">MODELO NO.<\/td>\n<td class=\"et3\">JXG14<\/td>\n<\/tr>\n<tr style=\"height: 17.60pt;\">\n<td class=\"et3\" style=\"height: 17.60pt;\" height=\"17\">Tipo<\/td>\n<td class=\"et3\">Bolas de Chocolate Crocantes<\/td>\n<\/tr>\n<tr style=\"height: 17.60pt;\">\n<td class=\"et3\" style=\"height: 17.60pt;\" height=\"17\">Embalagem<\/td>\n<td class=\"et3\">Embalagem em caixa<\/td>\n<\/tr>\n<tr style=\"height: 17.60pt;\">\n<td class=\"et3\" style=\"height: 17.60pt;\" height=\"17\">Especifica\u00e7\u00e3o<\/td>\n<td class=\"et3\">30 sacos*20 caixas<\/td>\n<\/tr>\n<tr style=\"height: 17.60pt;\">\n<td class=\"et3\" style=\"height: 17.60pt;\" height=\"17\">Tamanho da caixa<\/td>\n<td class=\"et3\">49*40,5*40,5 cm<\/td>\n<\/tr>\n<tr style=\"height: 17.60pt;\">\n<td class=\"et3\" style=\"height: 17.60pt;\" height=\"17\">N.W \/SET<\/td>\n<td class=\"et3\">12g*30 sacos*20 caixas<\/td>\n<\/tr>\n<tr style=\"height: 17.60pt;\">\n<td class=\"et3\" style=\"height: 17.60pt;\" height=\"17\">Cor<\/td>\n<td class=\"et3\">Escuro<\/td>\n<\/tr>\n<tr style=\"height: 17.60pt;\">\n<td class=\"et3\" style=\"height: 17.60pt;\" height=\"17\">MOQ<\/td>\n<td class=\"et3\">500 caixas de cart\u00e3o<\/td>\n<\/tr>\n<tr style=\"height: 17.60pt;\">\n<td class=\"et3\" style=\"height: 17.60pt;\" height=\"17\">Personaliza\u00e7\u00e3o<\/td>\n<td class=\"et3\">Embalagem\/LOGO<\/td>\n<\/tr>\n<\/tbody>\n<\/table>","protected":false},"featured_media":29752,"comment_status":"closed","ping_status":"closed","template":"","meta":[],"product_cat":[74],"product_tag":[],"class_list":{"0":"post-29749","1":"product","2":"type-product","3":"status-publish","4":"has-post-thumbnail","6":"product_cat-wholesale-crunchy-chocolate-balls","8":"first","9":"instock","10":"shipping-taxable","11":"product-type-simple"},"_links":{"self":[{"href":"https:\/\/jxgchocolate.com\/pt\/wp-json\/wp\/v2\/product\/29749","targetHints":{"allow":["GET"]}}],"collection":[{"href":"https:\/\/jxgchocolate.com\/pt\/wp-json\/wp\/v2\/product"}],"about":[{"href":"https:\/\/jxgchocolate.com\/pt\/wp-json\/wp\/v2\/types\/product"}],"replies":[{"embeddable":true,"href":"https:\/\/jxgchocolate.com\/pt\/wp-json\/wp\/v2\/comments?post=29749"}],"version-history":[{"count":0,"href":"https:\/\/jxgchocolate.com\/pt\/wp-json\/wp\/v2\/product\/29749\/revisions"}],"wp:featuredmedia":[{"embeddable":true,"href":"https:\/\/jxgchocolate.com\/pt\/wp-json\/wp\/v2\/media\/29752"}],"wp:attachment":[{"href":"https:\/\/jxgchocolate.com\/pt\/wp-json\/wp\/v2\/media?parent=29749"}],"wp:term":[{"taxonomy":"product_cat","embeddable":true,"href":"https:\/\/jxgchocolate.com\/pt\/wp-json\/wp\/v2\/product_cat?post=29749"},{"taxonomy":"product_tag","embeddable":true,"href":"https:\/\/jxgchocolate.com\/pt\/wp-json\/wp\/v2\/product_tag?post=29749"}],"curies":[{"name":"wp","href":"https:\/\/api.w.org\/{rel}","templated":true}]}}