{"id":29759,"date":"2025-04-07T07:49:41","date_gmt":"2025-04-07T07:49:41","guid":{"rendered":"https:\/\/jxgchocolate.com\/?post_type=product&#038;p=29759"},"modified":"2025-04-07T07:49:43","modified_gmt":"2025-04-07T07:49:43","slug":"wholesale-chocolate-balls","status":"publish","type":"product","link":"https:\/\/jxgchocolate.com\/pt\/produto\/wholesale-chocolate-balls\/","title":{"rendered":"Bolas de chocolate por atacado biscoitos cobertos, Halal crocante colorido chocolate doces a granel"},"content":{"rendered":"<div class=\"wp-block-columns is-layout-flex wp-container-core-columns-is-layout-9d6595d7 wp-block-columns-is-layout-flex\">\n<div class=\"wp-block-column is-layout-flow wp-block-column-is-layout-flow\">\n<h2 class=\"wp-block-heading\">Bolas de chocolate por atacado Premium Carater\u00edsticas:<\/h2>\n\n\n\n<p><strong>Aspeto colorido: <\/strong>Os biscoitos de chocolate cobertos com bolas de chocolate coloridas s\u00e3o geralmente apresentados numa variedade de cores vivas, como o vermelho, o azul, o verde, o amarelo, etc., o que os faz sobressair nas prateleiras e os torna particularmente atraentes para as crian\u00e7as e os jovens. As embalagens sazonais ou com temas festivos podem ser lan\u00e7adas com base em diferentes feriados ou esta\u00e7\u00f5es, como o vermelho e o cor-de-rosa para o Dia dos Namorados, o verde e o vermelho para o Natal, o laranja e o preto para o Dia das Bruxas, etc., para celebrar a divers\u00e3o e o tema da festa dos produtos.<\/p>\n\n\n\n<p><strong>Embalagem funcional: <\/strong>A maior parte das bolachas de chocolate a granel s\u00e3o coloridas e em pequenas embalagens individuais, pelo que s\u00e3o f\u00e1ceis de transportar e partilhar e, por conseguinte, muito adequadas para actividades ao ar livre e viagens para consumir em qualquer altura. A embalagem em caixa de grande capacidade lan\u00e7ada para os utilizadores familiares \u00e9 econ\u00f3mica e permite a compra de v\u00e1rios sabores de uma s\u00f3 vez para toda a fam\u00edlia partilhar.<\/p>\n\n\n\n<p><strong>Sabor \u00fanico com v\u00e1rias camadas:<\/strong> Com as bolachas cobertas com bolas de chocolate por atacado, cada dentada pode sentir a sensa\u00e7\u00e3o sedosa de derretimento do chocolate exterior e a croc\u00e2ncia das bolachas interiores, criando uma experi\u00eancia de sabor contrastante mas harmoniosa. Do chocolate doce \u00e0s bolachas estaladi\u00e7as, esta transi\u00e7\u00e3o da do\u00e7ura para a estaladi\u00e7a proporciona aos consumidores um rico n\u00edvel de sabor.<\/p>\n\n\n\n<p><strong>Certifica\u00e7\u00e3o Halal: <\/strong>Os nossos doces de chocolate a granel cumprem as normas alimentares mu\u00e7ulmanas, adequadas para vendas no mercado global. Apoiamos a personaliza\u00e7\u00e3o por atacado, adequada para marcas de snacks, supermercados, artigos para festas e outros cen\u00e1rios de lado B.<\/p>\n<\/div>\n\n\n\n<div class=\"wp-block-column is-layout-flow wp-block-column-is-layout-flow\">\n<figure class=\"wp-block-image size-full\"><img fetchpriority=\"high\" decoding=\"async\" width=\"750\" height=\"750\" src=\"https:\/\/jxgchocolate.com\/wp-content\/uploads\/2025\/04\/Bulk-Colored-Candy-Chocolate-Covered-Biscuits-Beans-Halal-Crispy-Candy5.jpg\" alt=\"atacado-bolas-de-chocolate-cobertas-biscoitos-halal-chocolate-candy-bulk-1\" class=\"wp-image-29764\" srcset=\"https:\/\/jxgchocolate.com\/wp-content\/uploads\/2025\/04\/Bulk-Colored-Candy-Chocolate-Covered-Biscuits-Beans-Halal-Crispy-Candy5.jpg 750w, https:\/\/jxgchocolate.com\/wp-content\/uploads\/2025\/04\/Bulk-Colored-Candy-Chocolate-Covered-Biscuits-Beans-Halal-Crispy-Candy5-300x300.jpg 300w, https:\/\/jxgchocolate.com\/wp-content\/uploads\/2025\/04\/Bulk-Colored-Candy-Chocolate-Covered-Biscuits-Beans-Halal-Crispy-Candy5-150x150.jpg 150w, https:\/\/jxgchocolate.com\/wp-content\/uploads\/2025\/04\/Bulk-Colored-Candy-Chocolate-Covered-Biscuits-Beans-Halal-Crispy-Candy5-12x12.jpg 12w, https:\/\/jxgchocolate.com\/wp-content\/uploads\/2025\/04\/Bulk-Colored-Candy-Chocolate-Covered-Biscuits-Beans-Halal-Crispy-Candy5-430x430.jpg 430w, https:\/\/jxgchocolate.com\/wp-content\/uploads\/2025\/04\/Bulk-Colored-Candy-Chocolate-Covered-Biscuits-Beans-Halal-Crispy-Candy5-700x700.jpg 700w\" sizes=\"(max-width: 750px) 100vw, 750px\" \/><\/figure>\n<\/div>\n<\/div>\n\n\n\n<p><\/p>","protected":false},"excerpt":{"rendered":"<p>Bem-vindo a comprar as nossas bolas de chocolate por atacado cobertas de biscoitos. Nosso chocolate colorido a granel \u00e9 um produto doce particular que combina a do\u00e7ura e suavidade do chocolate, o crocante de biscoitos, e v\u00e1rias cores. Sua cor \u00fanica, sabor suave, e ampla aplicabilidade torn\u00e1-lo uma op\u00e7\u00e3o ideal para os consumidores que buscam uma vida de qualidade. Quer seja como um snack di\u00e1rio, um ingrediente de pastelaria ou um excelente presente, as bolachas de chocolate coloridas proporcionam um prazer \u00fanico aos consumidores.<\/p>\n<table style=\"border-collapse: collapse; width: 275.02pt;\" border=\"0\" width=\"275\" cellspacing=\"0\" cellpadding=\"0\">\n<tbody>\n<tr style=\"height: 17.60pt;\">\n<td class=\"et3\" style=\"height: 17.60pt; width: 108.35pt;\" width=\"108\" height=\"17\">Fabricante<\/td>\n<td class=\"et3\" style=\"width: 167.10pt;\" width=\"167\">G\u00e9meos sortudos<\/td>\n<\/tr>\n<tr style=\"height: 17.60pt;\">\n<td class=\"et3\" style=\"height: 17.60pt;\" height=\"17\">MODELO NO.<\/td>\n<td class=\"et3\">JXG12<\/td>\n<\/tr>\n<tr style=\"height: 17.60pt;\">\n<td class=\"et3\" style=\"height: 17.60pt;\" height=\"17\">Tipo<\/td>\n<td class=\"et3\">Bolas de Chocolate Crocantes<\/td>\n<\/tr>\n<tr style=\"height: 17.60pt;\">\n<td class=\"et3\" style=\"height: 17.60pt;\" height=\"17\">Embalagem<\/td>\n<td class=\"et3\">Embalagem em caixa<\/td>\n<\/tr>\n<tr style=\"height: 17.60pt;\">\n<td class=\"et3\" style=\"height: 17.60pt;\" height=\"17\">Especifica\u00e7\u00e3o<\/td>\n<td class=\"et3\">30 sacos*20 caixas<\/td>\n<\/tr>\n<tr style=\"height: 17.60pt;\">\n<td class=\"et3\" style=\"height: 17.60pt;\" height=\"17\">Tamanho da caixa<\/td>\n<td class=\"et3\">49*40,5*40,5 cm<\/td>\n<\/tr>\n<tr style=\"height: 17.60pt;\">\n<td class=\"et3\" style=\"height: 17.60pt;\" height=\"17\">N.W \/SET<\/td>\n<td class=\"et3\">12g*30 sacos*20 caixas<\/td>\n<\/tr>\n<tr style=\"height: 17.60pt;\">\n<td class=\"et3\" style=\"height: 17.60pt;\" height=\"17\">Cor<\/td>\n<td class=\"et3\">Multicolor<\/td>\n<\/tr>\n<tr style=\"height: 17.60pt;\">\n<td class=\"et3\" style=\"height: 17.60pt;\" height=\"17\">MOQ<\/td>\n<td class=\"et3\">500 caixas de cart\u00e3o<\/td>\n<\/tr>\n<tr style=\"height: 17.60pt;\">\n<td class=\"et3\" style=\"height: 17.60pt;\" height=\"17\">Personaliza\u00e7\u00e3o<\/td>\n<td class=\"et3\">Embalagem\/LOGO<\/td>\n<\/tr>\n<\/tbody>\n<\/table>","protected":false},"featured_media":29760,"comment_status":"closed","ping_status":"closed","template":"","meta":[],"product_cat":[74],"product_tag":[],"class_list":{"0":"post-29759","1":"product","2":"type-product","3":"status-publish","4":"has-post-thumbnail","6":"product_cat-wholesale-crunchy-chocolate-balls","8":"first","9":"instock","10":"shipping-taxable","11":"product-type-simple"},"_links":{"self":[{"href":"https:\/\/jxgchocolate.com\/pt\/wp-json\/wp\/v2\/product\/29759","targetHints":{"allow":["GET"]}}],"collection":[{"href":"https:\/\/jxgchocolate.com\/pt\/wp-json\/wp\/v2\/product"}],"about":[{"href":"https:\/\/jxgchocolate.com\/pt\/wp-json\/wp\/v2\/types\/product"}],"replies":[{"embeddable":true,"href":"https:\/\/jxgchocolate.com\/pt\/wp-json\/wp\/v2\/comments?post=29759"}],"version-history":[{"count":0,"href":"https:\/\/jxgchocolate.com\/pt\/wp-json\/wp\/v2\/product\/29759\/revisions"}],"wp:featuredmedia":[{"embeddable":true,"href":"https:\/\/jxgchocolate.com\/pt\/wp-json\/wp\/v2\/media\/29760"}],"wp:attachment":[{"href":"https:\/\/jxgchocolate.com\/pt\/wp-json\/wp\/v2\/media?parent=29759"}],"wp:term":[{"taxonomy":"product_cat","embeddable":true,"href":"https:\/\/jxgchocolate.com\/pt\/wp-json\/wp\/v2\/product_cat?post=29759"},{"taxonomy":"product_tag","embeddable":true,"href":"https:\/\/jxgchocolate.com\/pt\/wp-json\/wp\/v2\/product_tag?post=29759"}],"curies":[{"name":"wp","href":"https:\/\/api.w.org\/{rel}","templated":true}]}}