{"id":29777,"date":"2025-04-16T08:46:02","date_gmt":"2025-04-16T08:46:02","guid":{"rendered":"https:\/\/jxgchocolate.com\/?post_type=product&#038;p=29777"},"modified":"2025-04-16T08:46:04","modified_gmt":"2025-04-16T08:46:04","slug":"chocolate-beans-wholesale","status":"publish","type":"product","link":"https:\/\/jxgchocolate.com\/pt\/produto\/chocolate-beans-wholesale\/","title":{"rendered":"Gr\u00e3os de chocolate crocantes de biscoito de v\u00e1rias cores por atacado, bolas de chocolate crocantes a granel"},"content":{"rendered":"<div class=\"wp-block-columns is-layout-flex wp-container-core-columns-is-layout-9d6595d7 wp-block-columns-is-layout-flex\">\n<div class=\"wp-block-column is-layout-flow wp-block-column-is-layout-flow\">\n<h2 class=\"wp-block-heading\">Feij\u00f5es de chocolate de biscoito premium por atacado Carater\u00edsticas:<\/h2>\n\n\n\n<p><strong>Adequado para v\u00e1rias ocasi\u00f5es: <\/strong>Estes biscoitos multicoloridos de chocolate em gr\u00e3o por atacado s\u00e3o adequados como um lanche para os tempos livres. Pode proporcionar um prazer agrad\u00e1vel durante os intervalos de trabalho ou reuni\u00f5es familiares. Use-o com um ch\u00e1 ou caf\u00e9 fumegante para fazer o ch\u00e1 da tarde ideal Dim sum. Pode at\u00e9 ser utilizado para preparar sobremesas mais criativas, ou seja, decora\u00e7\u00f5es para bolos, bolachas de sandu\u00edche, etc., para maximizar a emo\u00e7\u00e3o de cozer.<\/p>\n\n\n\n<p><strong>Base de consumidores-alvo:<\/strong> As bolas de chocolate crocantes de cores vivas a granel t\u00eam formas divertidas e cores vibrantes e s\u00e3o mais atraentes para as crian\u00e7as e adolescentes, sendo um dos seus petiscos favoritos. Adequadas para oferecer a amigos, familiares ou parceiros, especialmente como prendas de Natal ou lembran\u00e7as para ocasi\u00f5es especiais.<\/p>\n\n\n\n<p><strong>Sabor \u00fanico com v\u00e1rias camadas:<\/strong> Com estes biscoitos de chocolate multicoloridos por atacado, cada dentada pode sentir a sensa\u00e7\u00e3o de derretimento sedoso do chocolate exterior e a croc\u00e2ncia das bolachas interiores, criando uma experi\u00eancia de sabor contrastante mas harmoniosa. Do chocolate doce \u00e0s bolachas estaladi\u00e7as e at\u00e9 aos poss\u00edveis molhos para sandu\u00edches (se presentes), esta transi\u00e7\u00e3o da do\u00e7ura para a croc\u00e2ncia proporciona aos consumidores uma rica gama de n\u00edveis de sabor.<\/p>\n<\/div>\n\n\n\n<div class=\"wp-block-column is-layout-flow wp-block-column-is-layout-flow\">\n<figure class=\"wp-block-image size-full\"><img fetchpriority=\"high\" decoding=\"async\" width=\"750\" height=\"750\" src=\"https:\/\/jxgchocolate.com\/wp-content\/uploads\/2025\/04\/Crispy-and-Smooth-Muti-colors-Biscuit-chocolate-beans-China-Wholesales-in-Bulk1.webp\" alt=\"chocolate-beans-wholesale-crunchy-chocolate-balls-in-bulk-1\" class=\"wp-image-29779\" srcset=\"https:\/\/jxgchocolate.com\/wp-content\/uploads\/2025\/04\/Crispy-and-Smooth-Muti-colors-Biscuit-chocolate-beans-China-Wholesales-in-Bulk1.webp 750w, https:\/\/jxgchocolate.com\/wp-content\/uploads\/2025\/04\/Crispy-and-Smooth-Muti-colors-Biscuit-chocolate-beans-China-Wholesales-in-Bulk1-300x300.webp 300w, https:\/\/jxgchocolate.com\/wp-content\/uploads\/2025\/04\/Crispy-and-Smooth-Muti-colors-Biscuit-chocolate-beans-China-Wholesales-in-Bulk1-150x150.webp 150w, https:\/\/jxgchocolate.com\/wp-content\/uploads\/2025\/04\/Crispy-and-Smooth-Muti-colors-Biscuit-chocolate-beans-China-Wholesales-in-Bulk1-12x12.webp 12w, https:\/\/jxgchocolate.com\/wp-content\/uploads\/2025\/04\/Crispy-and-Smooth-Muti-colors-Biscuit-chocolate-beans-China-Wholesales-in-Bulk1-430x430.webp 430w, https:\/\/jxgchocolate.com\/wp-content\/uploads\/2025\/04\/Crispy-and-Smooth-Muti-colors-Biscuit-chocolate-beans-China-Wholesales-in-Bulk1-700x700.webp 700w\" sizes=\"(max-width: 750px) 100vw, 750px\" \/><\/figure>\n<\/div>\n<\/div>\n\n\n\n<p><\/p>","protected":false},"excerpt":{"rendered":"<p>Bem-vindo \u00e0 compra de gr\u00e3os de chocolate de biscoito multi-colorido por atacado. As bolas de chocolate crocantes em gr\u00e3os de chocolate de biscoito colorido a granel s\u00e3o um produto doce \u00fanico que combina a textura doce e sedosa do chocolate, o sabor crocante dos biscoitos e a apar\u00eancia colorida. Seja como um lanche di\u00e1rio, um ingrediente de panifica\u00e7\u00e3o ou um grande presente, os gr\u00e3os de chocolate coloridos com n\u00facleo de biscoito proporcionam um prazer \u00fanico aos consumidores.<\/p>\n<table width=\"423\">\n<tbody>\n<tr>\n<td width=\"166\">Fabricante<\/td>\n<td width=\"257\">Fruta da sorte<\/td>\n<\/tr>\n<tr>\n<td>MODELO NO.<\/td>\n<td>JXG58<\/td>\n<\/tr>\n<tr>\n<td>Tipo<\/td>\n<td>Biscoito de chocolate<\/td>\n<\/tr>\n<tr>\n<td>Embalagem<\/td>\n<td>embalagem de saco<\/td>\n<\/tr>\n<tr>\n<td>Especifica\u00e7\u00e3o<\/td>\n<td>16g*20Pcs<\/td>\n<\/tr>\n<tr>\n<td>Tamanho da caixa<\/td>\n<td>58*38*30<span style=\"font-family: inherit; font-size: inherit;\">cm<\/span><\/td>\n<\/tr>\n<tr>\n<td>N.W \/SET<\/td>\n<td>20 unidades*20 sacos<\/td>\n<\/tr>\n<tr>\n<td>Cor<\/td>\n<td>Como imagem<\/td>\n<\/tr>\n<tr>\n<td>MOQ<\/td>\n<td>500 caixas de cart\u00e3o<\/td>\n<\/tr>\n<tr>\n<td>Personaliza\u00e7\u00e3o<\/td>\n<td>Embalagem\/LOGO<\/td>\n<\/tr>\n<\/tbody>\n<\/table>","protected":false},"featured_media":29779,"comment_status":"closed","ping_status":"closed","template":"","meta":[],"product_cat":[74],"product_tag":[],"class_list":{"0":"post-29777","1":"product","2":"type-product","3":"status-publish","4":"has-post-thumbnail","6":"product_cat-wholesale-crunchy-chocolate-balls","8":"first","9":"instock","10":"shipping-taxable","11":"product-type-simple"},"_links":{"self":[{"href":"https:\/\/jxgchocolate.com\/pt\/wp-json\/wp\/v2\/product\/29777","targetHints":{"allow":["GET"]}}],"collection":[{"href":"https:\/\/jxgchocolate.com\/pt\/wp-json\/wp\/v2\/product"}],"about":[{"href":"https:\/\/jxgchocolate.com\/pt\/wp-json\/wp\/v2\/types\/product"}],"replies":[{"embeddable":true,"href":"https:\/\/jxgchocolate.com\/pt\/wp-json\/wp\/v2\/comments?post=29777"}],"version-history":[{"count":6,"href":"https:\/\/jxgchocolate.com\/pt\/wp-json\/wp\/v2\/product\/29777\/revisions"}],"predecessor-version":[{"id":29802,"href":"https:\/\/jxgchocolate.com\/pt\/wp-json\/wp\/v2\/product\/29777\/revisions\/29802"}],"wp:featuredmedia":[{"embeddable":true,"href":"https:\/\/jxgchocolate.com\/pt\/wp-json\/wp\/v2\/media\/29779"}],"wp:attachment":[{"href":"https:\/\/jxgchocolate.com\/pt\/wp-json\/wp\/v2\/media?parent=29777"}],"wp:term":[{"taxonomy":"product_cat","embeddable":true,"href":"https:\/\/jxgchocolate.com\/pt\/wp-json\/wp\/v2\/product_cat?post=29777"},{"taxonomy":"product_tag","embeddable":true,"href":"https:\/\/jxgchocolate.com\/pt\/wp-json\/wp\/v2\/product_tag?post=29777"}],"curies":[{"name":"wp","href":"https:\/\/api.w.org\/{rel}","templated":true}]}}