{"id":29789,"date":"2025-04-16T09:35:40","date_gmt":"2025-04-16T09:35:40","guid":{"rendered":"https:\/\/jxgchocolate.com\/?post_type=product&#038;p=29789"},"modified":"2025-04-16T09:35:42","modified_gmt":"2025-04-16T09:35:42","slug":"bulk-chocolate-beans","status":"publish","type":"product","link":"https:\/\/jxgchocolate.com\/pt\/produto\/bulk-chocolate-beans\/","title":{"rendered":"Novos gr\u00e3os de chocolate a granel, Bolas de chocolate crocantes de fornecimento de f\u00e1brica"},"content":{"rendered":"<div class=\"wp-block-columns is-layout-flex wp-container-core-columns-is-layout-9d6595d7 wp-block-columns-is-layout-flex\">\n<div class=\"wp-block-column is-layout-flow wp-block-column-is-layout-flow\">\n<h2 class=\"wp-block-heading\">Gr\u00e3os de chocolate a granel Premium Carater\u00edsticas:<\/h2>\n\n\n\n<p><strong>Sabor rico e em camadas:<\/strong> Com estes gr\u00e3os de chocolate a granel, cada dentada pode sentir o delicado derretimento do chocolate exterior e a croc\u00e2ncia das bolachas interiores, formando um sabor \u00fanico que contrasta fortemente, mas que coexiste harmoniosamente. Do chocolate doce \u00e0s bolachas estaladi\u00e7as, esta transi\u00e7\u00e3o da do\u00e7ura para o ainda mais doce proporciona aos consumidores um rico n\u00edvel de sabor.<\/p>\n\n\n\n<p><strong>Adequado para v\u00e1rias ocasi\u00f5es:<\/strong> A nossa f\u00e1brica fornece bolas de chocolate crocantes adequadas como um lanche para o tempo de lazer; pode trazer prazer agrad\u00e1vel durante as pausas de trabalho ou reuni\u00f5es familiares. Combine-as com uma ch\u00e1vena de ch\u00e1 ou caf\u00e9 quente para servir como um ch\u00e1 da tarde perfeito Dim sum. Tamb\u00e9m pode ser usado para fazer sobremesas mais criativas, como biscoitos de sandu\u00edche, coberturas de bolo, etc., para tornar mais divertida a cozedura.<\/p>\n\n\n\n<p><strong>Estilo de embalagem c\u00f3modo: <\/strong>O produto de chocolate em gr\u00e3o a granel apresenta-se sob a forma de embalagens individuais de sacos pequenos, f\u00e1ceis de transportar e de partilhar e, por conseguinte, extremamente adequadas para actividades ao ar livre e viagens a utilizar em qualquer altura. Existem tamb\u00e9m vers\u00f5es de embalagens de grande capacidade dispon\u00edveis para utilizadores dom\u00e9sticos, que s\u00e3o econ\u00f3micas e podem ser compradas em grandes quantidades de uma s\u00f3 vez para serem partilhadas por toda a fam\u00edlia.<\/p>\n<\/div>\n\n\n\n<div class=\"wp-block-column is-layout-flow wp-block-column-is-layout-flow\">\n<figure class=\"wp-block-image size-full\"><img fetchpriority=\"high\" decoding=\"async\" width=\"2000\" height=\"2000\" src=\"https:\/\/jxgchocolate.com\/wp-content\/uploads\/2025\/04\/bulk-chocolate-beans-factory-supply-chocolate-crisp-balls-3.webp\" alt=\"granel-chocolate-beans-factory-supply-chocolate-crisp-balls-1\" class=\"wp-image-29806\" srcset=\"https:\/\/jxgchocolate.com\/wp-content\/uploads\/2025\/04\/bulk-chocolate-beans-factory-supply-chocolate-crisp-balls-3.webp 2000w, https:\/\/jxgchocolate.com\/wp-content\/uploads\/2025\/04\/bulk-chocolate-beans-factory-supply-chocolate-crisp-balls-3-300x300.webp 300w, https:\/\/jxgchocolate.com\/wp-content\/uploads\/2025\/04\/bulk-chocolate-beans-factory-supply-chocolate-crisp-balls-3-150x150.webp 150w, https:\/\/jxgchocolate.com\/wp-content\/uploads\/2025\/04\/bulk-chocolate-beans-factory-supply-chocolate-crisp-balls-3-768x768.webp 768w, https:\/\/jxgchocolate.com\/wp-content\/uploads\/2025\/04\/bulk-chocolate-beans-factory-supply-chocolate-crisp-balls-3-12x12.webp 12w, https:\/\/jxgchocolate.com\/wp-content\/uploads\/2025\/04\/bulk-chocolate-beans-factory-supply-chocolate-crisp-balls-3-430x430.webp 430w, https:\/\/jxgchocolate.com\/wp-content\/uploads\/2025\/04\/bulk-chocolate-beans-factory-supply-chocolate-crisp-balls-3-700x700.webp 700w\" sizes=\"(max-width: 2000px) 100vw, 2000px\" \/><\/figure>\n<\/div>\n<\/div>","protected":false},"excerpt":{"rendered":"<p>Bem-vindo \u00e0 compra de gr\u00e3os de chocolate a granel. Nossa f\u00e1brica fornece bolas de chocolate crocante n\u00e3o s\u00f3 para proporcionar uma nova experi\u00eancia de sabor, mas tamb\u00e9m para transmitir valores culturais \u00fanicos. Seja como um lanche di\u00e1rio, um ingrediente de panifica\u00e7\u00e3o ou um grande presente, as bolas de chocolate para biscoitos trazem um prazer \u00fanico aos consumidores.<\/p>\n<table width=\"423\">\n<tbody>\n<tr>\n<td width=\"166\">Fabricante<\/td>\n<td width=\"257\">Fruta da sorte<\/td>\n<\/tr>\n<tr>\n<td>MODELO NO.<\/td>\n<td>JXG56<\/td>\n<\/tr>\n<tr>\n<td>Tipo<\/td>\n<td>Biscoito de chocolate<\/td>\n<\/tr>\n<tr>\n<td>Embalagem<\/td>\n<td>Embalagem em caixa<\/td>\n<\/tr>\n<tr>\n<td>Especifica\u00e7\u00e3o<\/td>\n<td>20 sacos*12 caixas<\/td>\n<\/tr>\n<tr>\n<td>Tamanho da caixa<\/td>\n<td>58*35,5*37,5cm<\/td>\n<\/tr>\n<tr>\n<td>N.W \/SET<\/td>\n<td>23g*20sacos<\/td>\n<\/tr>\n<tr>\n<td>Cor<\/td>\n<td>Como imagem<\/td>\n<\/tr>\n<tr>\n<td>MOQ<\/td>\n<td>500 caixas de cart\u00e3o<\/td>\n<\/tr>\n<tr>\n<td>Personaliza\u00e7\u00e3o<\/td>\n<td>Embalagem\/LOGO<\/td>\n<\/tr>\n<\/tbody>\n<\/table>","protected":false},"featured_media":29806,"comment_status":"closed","ping_status":"closed","template":"","meta":[],"product_cat":[74],"product_tag":[],"class_list":{"0":"post-29789","1":"product","2":"type-product","3":"status-publish","4":"has-post-thumbnail","6":"product_cat-wholesale-crunchy-chocolate-balls","8":"first","9":"instock","10":"shipping-taxable","11":"product-type-simple"},"_links":{"self":[{"href":"https:\/\/jxgchocolate.com\/pt\/wp-json\/wp\/v2\/product\/29789","targetHints":{"allow":["GET"]}}],"collection":[{"href":"https:\/\/jxgchocolate.com\/pt\/wp-json\/wp\/v2\/product"}],"about":[{"href":"https:\/\/jxgchocolate.com\/pt\/wp-json\/wp\/v2\/types\/product"}],"replies":[{"embeddable":true,"href":"https:\/\/jxgchocolate.com\/pt\/wp-json\/wp\/v2\/comments?post=29789"}],"version-history":[{"count":0,"href":"https:\/\/jxgchocolate.com\/pt\/wp-json\/wp\/v2\/product\/29789\/revisions"}],"wp:featuredmedia":[{"embeddable":true,"href":"https:\/\/jxgchocolate.com\/pt\/wp-json\/wp\/v2\/media\/29806"}],"wp:attachment":[{"href":"https:\/\/jxgchocolate.com\/pt\/wp-json\/wp\/v2\/media?parent=29789"}],"wp:term":[{"taxonomy":"product_cat","embeddable":true,"href":"https:\/\/jxgchocolate.com\/pt\/wp-json\/wp\/v2\/product_cat?post=29789"},{"taxonomy":"product_tag","embeddable":true,"href":"https:\/\/jxgchocolate.com\/pt\/wp-json\/wp\/v2\/product_tag?post=29789"}],"curies":[{"name":"wp","href":"https:\/\/api.w.org\/{rel}","templated":true}]}}