{"id":29799,"date":"2025-04-22T02:57:40","date_gmt":"2025-04-22T02:57:40","guid":{"rendered":"https:\/\/jxgchocolate.com\/?post_type=product&#038;p=29799"},"modified":"2025-04-22T02:57:42","modified_gmt":"2025-04-22T02:57:42","slug":"bulk-crispy-chocolate-ball","status":"publish","type":"product","link":"https:\/\/jxgchocolate.com\/pt\/produto\/bulk-crispy-chocolate-ball\/","title":{"rendered":"Bola de chocolate crocante a granel, bombons de chocolate com biscoitos por atacado na China"},"content":{"rendered":"<div class=\"wp-block-columns is-layout-flex wp-container-core-columns-is-layout-9d6595d7 wp-block-columns-is-layout-flex\">\n<div class=\"wp-block-column is-layout-flow wp-block-column-is-layout-flow\">\n<h2 class=\"wp-block-heading\">Premium Bulk Crispy Chocolate Ball Carater\u00edsticas:<\/h2>\n\n\n\n<p><strong>Diversas op\u00e7\u00f5es de sabores:<\/strong> As nossas bolas de chocolate estaladi\u00e7as a granel, para al\u00e9m das tradicionais bolachas embrulhadas em chocolate de leite, oferecem tamb\u00e9m v\u00e1rias op\u00e7\u00f5es, como chocolate preto, chocolate branco, etc., para satisfazer as prefer\u00eancias de gosto dos diferentes consumidores. Os sabores especialmente concebidos s\u00e3o lan\u00e7ados de acordo com diferentes feriados ou esta\u00e7\u00f5es, como o sabor de p\u00e3o de gengibre para a \u00e9poca natal\u00edcia, o sabor de ab\u00f3bora para o Halloween, etc., para atrair os consumidores a experimentar novos sabores. Aceitamos servi\u00e7os personalizados para OEM e ODM.<\/p>\n\n\n\n<p><strong>Experi\u00eancia multi-sensorial:<\/strong> A casca crocante das bolachas contrasta com a textura sedosa do chocolate, satisfazendo a dupla exig\u00eancia de sabor \"crocante + doce\".<\/p>\n\n\n\n<p><strong>Sabor \u00fanico: <\/strong>As nossas bolas de chocolate estaladi\u00e7as a granel que, a cada dentada, se pode sentir a delicada fus\u00e3o do chocolate exterior e a croc\u00e2ncia das bolachas interiores, formando um sabor \u00fanico que contrasta fortemente, mas que coexiste harmoniosamente. Do chocolate doce \u00e0s bolachas estaladi\u00e7as, esta transi\u00e7\u00e3o da do\u00e7ura para uma do\u00e7ura ainda mais doce proporciona aos consumidores um rico n\u00edvel de sabor.<\/p>\n<\/div>\n\n\n\n<div class=\"wp-block-column is-layout-flow wp-block-column-is-layout-flow\">\n<figure class=\"wp-block-image size-full\"><img fetchpriority=\"high\" decoding=\"async\" width=\"1500\" height=\"2000\" src=\"https:\/\/jxgchocolate.com\/wp-content\/uploads\/2025\/04\/bulk-crispy-chocolate-ball-chinese-wholesale-chocolate-candy-1.webp\" alt=\"bulk-crispy-chocolate-ball-chinese-wholesale-chocolate-candy-1\" class=\"wp-image-29819\" srcset=\"https:\/\/jxgchocolate.com\/wp-content\/uploads\/2025\/04\/bulk-crispy-chocolate-ball-chinese-wholesale-chocolate-candy-1.webp 1500w, https:\/\/jxgchocolate.com\/wp-content\/uploads\/2025\/04\/bulk-crispy-chocolate-ball-chinese-wholesale-chocolate-candy-1-225x300.webp 225w, https:\/\/jxgchocolate.com\/wp-content\/uploads\/2025\/04\/bulk-crispy-chocolate-ball-chinese-wholesale-chocolate-candy-1-768x1024.webp 768w, https:\/\/jxgchocolate.com\/wp-content\/uploads\/2025\/04\/bulk-crispy-chocolate-ball-chinese-wholesale-chocolate-candy-1-9x12.webp 9w, https:\/\/jxgchocolate.com\/wp-content\/uploads\/2025\/04\/bulk-crispy-chocolate-ball-chinese-wholesale-chocolate-candy-1-430x573.webp 430w, https:\/\/jxgchocolate.com\/wp-content\/uploads\/2025\/04\/bulk-crispy-chocolate-ball-chinese-wholesale-chocolate-candy-1-700x933.webp 700w, https:\/\/jxgchocolate.com\/wp-content\/uploads\/2025\/04\/bulk-crispy-chocolate-ball-chinese-wholesale-chocolate-candy-1-150x200.webp 150w\" sizes=\"(max-width: 1500px) 100vw, 1500px\" \/><\/figure>\n<\/div>\n<\/div>\n\n\n\n<p><\/p>","protected":false},"excerpt":{"rendered":"<p>Bem-vindo a comprar as nossas bolas de chocolate estaladi\u00e7as a granel. O doce de chocolate por atacado \u00e9 um delicioso lanche que simplesmente mistura biscoitos crocantes e chocolate rico. N\u00e3o s\u00f3 tem uma experi\u00eancia de sabor \u00fanico, mas tamb\u00e9m atrai clientes de diferentes idades de diferentes maneiras.<\/p>\n<table width=\"423\">\n<tbody>\n<tr>\n<td width=\"166\">Fabricante<\/td>\n<td width=\"257\">Fruta da sorte<\/td>\n<\/tr>\n<tr>\n<td>MODELO NO.<\/td>\n<td>JXG56<\/td>\n<\/tr>\n<tr>\n<td>Tipo<\/td>\n<td>Biscoitos Chocolate<\/td>\n<\/tr>\n<tr>\n<td>Embalagem<\/td>\n<td>embalagem de garrafas<\/td>\n<\/tr>\n<tr>\n<td>Especifica\u00e7\u00e3o<\/td>\n<td>23g*20Pcs<\/td>\n<\/tr>\n<tr>\n<td>Tamanho da caixa<\/td>\n<td>49*37*26,2cm<\/td>\n<\/tr>\n<tr>\n<td>N.W \/SET<\/td>\n<td>20 unidades*12garrafas<\/td>\n<\/tr>\n<tr>\n<td>Cor<\/td>\n<td>Como imagem<\/td>\n<\/tr>\n<tr>\n<td>MOQ<\/td>\n<td>500 caixas de cart\u00e3o<\/td>\n<\/tr>\n<tr>\n<td>Personaliza\u00e7\u00e3o<\/td>\n<td>Embalagem\/LOGO<\/td>\n<\/tr>\n<\/tbody>\n<\/table>","protected":false},"featured_media":29819,"comment_status":"closed","ping_status":"closed","template":"","meta":[],"product_cat":[74],"product_tag":[],"class_list":{"0":"post-29799","1":"product","2":"type-product","3":"status-publish","4":"has-post-thumbnail","6":"product_cat-wholesale-crunchy-chocolate-balls","8":"first","9":"instock","10":"shipping-taxable","11":"product-type-simple"},"_links":{"self":[{"href":"https:\/\/jxgchocolate.com\/pt\/wp-json\/wp\/v2\/product\/29799","targetHints":{"allow":["GET"]}}],"collection":[{"href":"https:\/\/jxgchocolate.com\/pt\/wp-json\/wp\/v2\/product"}],"about":[{"href":"https:\/\/jxgchocolate.com\/pt\/wp-json\/wp\/v2\/types\/product"}],"replies":[{"embeddable":true,"href":"https:\/\/jxgchocolate.com\/pt\/wp-json\/wp\/v2\/comments?post=29799"}],"version-history":[{"count":0,"href":"https:\/\/jxgchocolate.com\/pt\/wp-json\/wp\/v2\/product\/29799\/revisions"}],"wp:featuredmedia":[{"embeddable":true,"href":"https:\/\/jxgchocolate.com\/pt\/wp-json\/wp\/v2\/media\/29819"}],"wp:attachment":[{"href":"https:\/\/jxgchocolate.com\/pt\/wp-json\/wp\/v2\/media?parent=29799"}],"wp:term":[{"taxonomy":"product_cat","embeddable":true,"href":"https:\/\/jxgchocolate.com\/pt\/wp-json\/wp\/v2\/product_cat?post=29799"},{"taxonomy":"product_tag","embeddable":true,"href":"https:\/\/jxgchocolate.com\/pt\/wp-json\/wp\/v2\/product_tag?post=29799"}],"curies":[{"name":"wp","href":"https:\/\/api.w.org\/{rel}","templated":true}]}}