{"id":29830,"date":"2025-04-30T03:32:53","date_gmt":"2025-04-30T03:32:53","guid":{"rendered":"https:\/\/jxgchocolate.com\/?post_type=product&#038;p=29830"},"modified":"2025-04-30T03:32:55","modified_gmt":"2025-04-30T03:32:55","slug":"bulk-chocolate-candy","status":"publish","type":"product","link":"https:\/\/jxgchocolate.com\/pt\/produto\/bulk-chocolate-candy\/","title":{"rendered":"Hot Item Chocolate a granel Doces de chocolate coloridos Bolas de chocolate crocantes por atacado"},"content":{"rendered":"<div class=\"wp-block-columns is-layout-flex wp-container-core-columns-is-layout-9d6595d7 wp-block-columns-is-layout-flex\">\n<div class=\"wp-block-column is-layout-flow wp-block-column-is-layout-flow\">\n<h2 class=\"wp-block-heading\">Bombons de chocolate a granel Premium Carater\u00edsticas:<\/h2>\n\n\n\n<p><strong>Sabor \u00fanico com v\u00e1rias camadas: <\/strong>O bombom de chocolate a granel, do chocolate doce \u00e0s bolachas estaladi\u00e7as, esta transi\u00e7\u00e3o do doce para o estaladi\u00e7o proporciona aos consumidores uma rica gama de n\u00edveis de sabor. Uma dentada permite saborear a sensa\u00e7\u00e3o de derretimento suave do chocolate exterior e a croc\u00e2ncia das bolachas interiores, oferecendo uma experi\u00eancia gustativa contrastante mas harmoniosa.<\/p>\n\n\n\n<p><strong>Aspeto colorido apelativo:<\/strong> Estas bolas de chocolate coloridas e estaladi\u00e7as s\u00e3o geralmente oferecidas por grosso em v\u00e1rias cores vivas, como o vermelho, o verde, o amarelo, etc., sendo assim muito vis\u00edveis nas prateleiras das lojas e muito apelativas para as crian\u00e7as e os adolescentes.<\/p>\n\n\n\n<p><strong>Nutritivo:<\/strong> O rebu\u00e7ado de chocolate a granel tem uma fonte de hidratos de carbono de alta qualidade que pode ser utilizada para repor a energia rapidamente e, por isso, pode ser tomado ap\u00f3s o exerc\u00edcio ou quando \u00e9 necess\u00e1ria uma recupera\u00e7\u00e3o r\u00e1pida. O chocolate \u00e9 a fonte de energia de que o corpo necessita.<\/p>\n\n\n\n<p><strong>Suporte para personaliza\u00e7\u00e3o em massa:<\/strong> Estas bolas de chocolate coloridas e estaladi\u00e7as por atacado s\u00e3o adequadas para supermercados, marcas de doces, festivais e outras compras de grande volume, podem ser personalizadas de acordo com as necessidades de embalagem, combina\u00e7\u00f5es de cores ou etiquetas de marca.<\/p>\n<\/div>\n\n\n\n<div class=\"wp-block-column is-layout-flow wp-block-column-is-layout-flow\">\n<figure class=\"wp-block-image size-full\"><img fetchpriority=\"high\" decoding=\"async\" width=\"750\" height=\"750\" src=\"https:\/\/jxgchocolate.com\/wp-content\/uploads\/2025\/04\/Hot-Item-Customized-Design-Colored-Crispy-Chocolate-Beans-Wholesales2.jpg\" alt=\"hot-item-bulk-chocolate-candy-colored-crunchy-chocolate-balls-wholesale-1\" class=\"wp-image-29833\" srcset=\"https:\/\/jxgchocolate.com\/wp-content\/uploads\/2025\/04\/Hot-Item-Customized-Design-Colored-Crispy-Chocolate-Beans-Wholesales2.jpg 750w, https:\/\/jxgchocolate.com\/wp-content\/uploads\/2025\/04\/Hot-Item-Customized-Design-Colored-Crispy-Chocolate-Beans-Wholesales2-300x300.jpg 300w, https:\/\/jxgchocolate.com\/wp-content\/uploads\/2025\/04\/Hot-Item-Customized-Design-Colored-Crispy-Chocolate-Beans-Wholesales2-150x150.jpg 150w, https:\/\/jxgchocolate.com\/wp-content\/uploads\/2025\/04\/Hot-Item-Customized-Design-Colored-Crispy-Chocolate-Beans-Wholesales2-12x12.jpg 12w, https:\/\/jxgchocolate.com\/wp-content\/uploads\/2025\/04\/Hot-Item-Customized-Design-Colored-Crispy-Chocolate-Beans-Wholesales2-430x430.jpg 430w, https:\/\/jxgchocolate.com\/wp-content\/uploads\/2025\/04\/Hot-Item-Customized-Design-Colored-Crispy-Chocolate-Beans-Wholesales2-700x700.jpg 700w\" sizes=\"(max-width: 750px) 100vw, 750px\" \/><\/figure>\n<\/div>\n<\/div>","protected":false},"excerpt":{"rendered":"<p>Bem-vindo a comprar as nossas bolas de chocolate crocantes coloridas por atacado. O doce de chocolate a granel \u00e9 um produto \u00fanico que combina a textura doce e sedosa do chocolate, o sabor crocante dos biscoitos e a apar\u00eancia colorida. N\u00e3o s\u00f3 proporciona uma nova experi\u00eancia de sabor, mas tamb\u00e9m transmite um estilo de vida saud\u00e1vel e valores culturais.<\/p>\n<table width=\"423\">\n<tbody>\n<tr>\n<td width=\"166\">Fabricante<\/td>\n<td width=\"257\">Fruta da sorte<\/td>\n<\/tr>\n<tr>\n<td>MODELO NO.<\/td>\n<td>JXG60<\/td>\n<\/tr>\n<tr>\n<td>Tipo<\/td>\n<td>Biscoito colorido Chocolate<\/td>\n<\/tr>\n<tr>\n<td>Embalagem<\/td>\n<td>embalagem de saco<\/td>\n<\/tr>\n<tr>\n<td>Especifica\u00e7\u00e3o<\/td>\n<td>18g*30Pcs<\/td>\n<\/tr>\n<tr>\n<td>Tamanho da caixa<\/td>\n<td>60*30*50cm<\/td>\n<\/tr>\n<tr>\n<td>N.W \/SET<\/td>\n<td>30 unidades*30 sacos<\/td>\n<\/tr>\n<tr>\n<td>Cor<\/td>\n<td>Como imagem<\/td>\n<\/tr>\n<tr>\n<td>MOQ<\/td>\n<td>500 caixas de cart\u00e3o<\/td>\n<\/tr>\n<tr>\n<td>Personaliza\u00e7\u00e3o<\/td>\n<td>Embalagem\/LOGO<\/td>\n<\/tr>\n<\/tbody>\n<\/table>","protected":false},"featured_media":29832,"comment_status":"closed","ping_status":"closed","template":"","meta":[],"product_cat":[74],"product_tag":[],"class_list":{"0":"post-29830","1":"product","2":"type-product","3":"status-publish","4":"has-post-thumbnail","6":"product_cat-wholesale-crunchy-chocolate-balls","8":"first","9":"instock","10":"shipping-taxable","11":"product-type-simple"},"_links":{"self":[{"href":"https:\/\/jxgchocolate.com\/pt\/wp-json\/wp\/v2\/product\/29830","targetHints":{"allow":["GET"]}}],"collection":[{"href":"https:\/\/jxgchocolate.com\/pt\/wp-json\/wp\/v2\/product"}],"about":[{"href":"https:\/\/jxgchocolate.com\/pt\/wp-json\/wp\/v2\/types\/product"}],"replies":[{"embeddable":true,"href":"https:\/\/jxgchocolate.com\/pt\/wp-json\/wp\/v2\/comments?post=29830"}],"version-history":[{"count":0,"href":"https:\/\/jxgchocolate.com\/pt\/wp-json\/wp\/v2\/product\/29830\/revisions"}],"wp:featuredmedia":[{"embeddable":true,"href":"https:\/\/jxgchocolate.com\/pt\/wp-json\/wp\/v2\/media\/29832"}],"wp:attachment":[{"href":"https:\/\/jxgchocolate.com\/pt\/wp-json\/wp\/v2\/media?parent=29830"}],"wp:term":[{"taxonomy":"product_cat","embeddable":true,"href":"https:\/\/jxgchocolate.com\/pt\/wp-json\/wp\/v2\/product_cat?post=29830"},{"taxonomy":"product_tag","embeddable":true,"href":"https:\/\/jxgchocolate.com\/pt\/wp-json\/wp\/v2\/product_tag?post=29830"}],"curies":[{"name":"wp","href":"https:\/\/api.w.org\/{rel}","templated":true}]}}