{"id":29841,"date":"2025-04-30T08:53:07","date_gmt":"2025-04-30T08:53:07","guid":{"rendered":"https:\/\/jxgchocolate.com\/?post_type=product&#038;p=29841"},"modified":"2025-04-30T08:53:09","modified_gmt":"2025-04-30T08:53:09","slug":"chocolate-malt-balls-wholesale","status":"publish","type":"product","link":"https:\/\/jxgchocolate.com\/pt\/produto\/chocolate-malt-balls-wholesale\/","title":{"rendered":"Bolas de malte de chocolate por atacado, cora\u00e7\u00e3o inchado coberto de chocolate personalizado"},"content":{"rendered":"<div class=\"wp-block-columns is-layout-flex wp-container-core-columns-is-layout-9d6595d7 wp-block-columns-is-layout-flex\">\n<div class=\"wp-block-column is-layout-flow wp-block-column-is-layout-flow\">\n<h2 class=\"wp-block-heading\">Bolas de malte de chocolate Premium Carater\u00edsticas por atacado:<\/h2>\n\n\n\n<p><strong>Embalagem c\u00f3moda: <\/strong>As bolas de malte de chocolate por atacado adoptam a forma de embalagem independente de saco pequeno, que \u00e9 conveniente para transportar e f\u00e1cil de partilhar, tornando-a muito adequada para actividades ao ar livre e viagens para desfrutar em qualquer altura. A vers\u00e3o de embalagem de alta capacidade lan\u00e7ada para os utilizadores dom\u00e9sticos \u00e9 econ\u00f3mica e permite a compra de v\u00e1rios sabores de uma s\u00f3 vez para toda a fam\u00edlia partilhar.<\/p>\n\n\n\n<p><strong>Adequado para v\u00e1rias ocasi\u00f5es: <\/strong>Em compara\u00e7\u00e3o com outros produtos de chocolate, a estrutura interna dos bombons de chocolate personalizados \u00e9 relativamente leve e n\u00e3o deixa as pessoas sentirem-se gordurosas, o que os torna adequados para pessoas que gostam de saborear facilmente alimentos doces. Mylikes \u00e9 adequado como um lanche para os tempos livres, proporcionando um prazer agrad\u00e1vel, quer seja durante as pausas do trabalho ou em reuni\u00f5es familiares. Ou pode ser combinado com uma ch\u00e1vena de ch\u00e1 ou caf\u00e9 quente para se tornar o ch\u00e1 da tarde perfeito, Dim sum. Tamb\u00e9m pode ser utilizado para fazer sobremesas mais criativas, como bolachas de sandu\u00edche, decora\u00e7\u00f5es de bolos, etc., para aumentar a divers\u00e3o de cozinhar.<\/p>\n\n\n\n<p><strong>Cl\u00e1ssico e Nostalgia: <\/strong>Sendo uma marca com uma longa hist\u00f3ria, Mylikes transporta as mem\u00f3rias de inf\u00e2ncia de muitas pessoas. Para aqueles que esperam reviver belas recorda\u00e7\u00f5es, n\u00e3o se trata apenas de um snack, mas tamb\u00e9m de uma liga\u00e7\u00e3o emocional.<\/p>\n\n\n\n<p><strong>Suporta embalagens personalizadas e log\u00f3tipo da marca:<\/strong> A produ\u00e7\u00e3o em massa de bolas de malte de chocolate por atacado suporta a personaliza\u00e7\u00e3o, incluindo embalagens coloridas, caixas de presente de f\u00e9rias e impress\u00e3o do logotipo da marca, ideal para promo\u00e7\u00f5es de f\u00e9rias, produtos de marca pr\u00f3pria e presentes corporativos.<\/p>\n<\/div>\n\n\n\n<div class=\"wp-block-column is-layout-flow wp-block-column-is-layout-flow\">\n<figure class=\"wp-block-image size-full\"><img fetchpriority=\"high\" decoding=\"async\" width=\"750\" height=\"750\" src=\"https:\/\/jxgchocolate.com\/wp-content\/uploads\/2025\/04\/Wholesale-Mylikes-Chocolate-Smooth-Chocolate-Covered-Puffed-Heart-3.webp\" alt=\"bolas de malte de chocolate - venda por grosso - cora\u00e7\u00e3o folhado com cobertura de chocolate personalizado - 1\" class=\"wp-image-29844\" srcset=\"https:\/\/jxgchocolate.com\/wp-content\/uploads\/2025\/04\/Wholesale-Mylikes-Chocolate-Smooth-Chocolate-Covered-Puffed-Heart-3.webp 750w, https:\/\/jxgchocolate.com\/wp-content\/uploads\/2025\/04\/Wholesale-Mylikes-Chocolate-Smooth-Chocolate-Covered-Puffed-Heart-3-300x300.webp 300w, https:\/\/jxgchocolate.com\/wp-content\/uploads\/2025\/04\/Wholesale-Mylikes-Chocolate-Smooth-Chocolate-Covered-Puffed-Heart-3-150x150.webp 150w, https:\/\/jxgchocolate.com\/wp-content\/uploads\/2025\/04\/Wholesale-Mylikes-Chocolate-Smooth-Chocolate-Covered-Puffed-Heart-3-12x12.webp 12w, https:\/\/jxgchocolate.com\/wp-content\/uploads\/2025\/04\/Wholesale-Mylikes-Chocolate-Smooth-Chocolate-Covered-Puffed-Heart-3-430x430.webp 430w, https:\/\/jxgchocolate.com\/wp-content\/uploads\/2025\/04\/Wholesale-Mylikes-Chocolate-Smooth-Chocolate-Covered-Puffed-Heart-3-700x700.webp 700w\" sizes=\"(max-width: 750px) 100vw, 750px\" \/><\/figure>\n<\/div>\n<\/div>\n\n\n\n<p><\/p>","protected":false},"excerpt":{"rendered":"<p>Bem-vindo a comprar as nossas bolas de malte de chocolate por atacado. O cora\u00e7\u00e3o inchado coberto de chocolate personalizado ocupa um lugar entre muitos produtos de chocolate com o seu sabor \u00fanico, imagem de marca cl\u00e1ssica, e diversas op\u00e7\u00f5es de sabor. Seja como um lanche di\u00e1rio, presente de feriado, ou lembran\u00e7a de ocasi\u00e3o especial, Mylikes pode trazer prazer agrad\u00e1vel para os consumidores.<\/p>\n<table width=\"423\">\n<tbody>\n<tr>\n<td width=\"166\">Fabricante<\/td>\n<td width=\"257\">Fruta da sorte<\/td>\n<\/tr>\n<tr>\n<td>MODELO NO.<\/td>\n<td>JXG61<\/td>\n<\/tr>\n<tr>\n<td>Tipo<\/td>\n<td>Mylikes Chocolate<\/td>\n<\/tr>\n<tr>\n<td>Embalagem<\/td>\n<td>embalagem de saco<\/td>\n<\/tr>\n<tr>\n<td>Especifica\u00e7\u00e3o<\/td>\n<td>16g*30Pcs<\/td>\n<\/tr>\n<tr>\n<td>Tamanho da caixa<\/td>\n<td>60*30*50cm<\/td>\n<\/tr>\n<tr>\n<td>N.W \/SET<\/td>\n<td>30 unidades*30 sacos<\/td>\n<\/tr>\n<tr>\n<td>Cor<\/td>\n<td>Como imagem<\/td>\n<\/tr>\n<tr>\n<td>MOQ<\/td>\n<td>500 caixas de cart\u00e3o<\/td>\n<\/tr>\n<tr>\n<td>Personaliza\u00e7\u00e3o<\/td>\n<td>Embalagem\/LOGO<\/td>\n<\/tr>\n<\/tbody>\n<\/table>","protected":false},"featured_media":29842,"comment_status":"closed","ping_status":"closed","template":"","meta":[],"product_cat":[74],"product_tag":[],"class_list":{"0":"post-29841","1":"product","2":"type-product","3":"status-publish","4":"has-post-thumbnail","6":"product_cat-wholesale-crunchy-chocolate-balls","8":"first","9":"instock","10":"shipping-taxable","11":"product-type-simple"},"_links":{"self":[{"href":"https:\/\/jxgchocolate.com\/pt\/wp-json\/wp\/v2\/product\/29841","targetHints":{"allow":["GET"]}}],"collection":[{"href":"https:\/\/jxgchocolate.com\/pt\/wp-json\/wp\/v2\/product"}],"about":[{"href":"https:\/\/jxgchocolate.com\/pt\/wp-json\/wp\/v2\/types\/product"}],"replies":[{"embeddable":true,"href":"https:\/\/jxgchocolate.com\/pt\/wp-json\/wp\/v2\/comments?post=29841"}],"version-history":[{"count":0,"href":"https:\/\/jxgchocolate.com\/pt\/wp-json\/wp\/v2\/product\/29841\/revisions"}],"wp:featuredmedia":[{"embeddable":true,"href":"https:\/\/jxgchocolate.com\/pt\/wp-json\/wp\/v2\/media\/29842"}],"wp:attachment":[{"href":"https:\/\/jxgchocolate.com\/pt\/wp-json\/wp\/v2\/media?parent=29841"}],"wp:term":[{"taxonomy":"product_cat","embeddable":true,"href":"https:\/\/jxgchocolate.com\/pt\/wp-json\/wp\/v2\/product_cat?post=29841"},{"taxonomy":"product_tag","embeddable":true,"href":"https:\/\/jxgchocolate.com\/pt\/wp-json\/wp\/v2\/product_tag?post=29841"}],"curies":[{"name":"wp","href":"https:\/\/api.w.org\/{rel}","templated":true}]}}