{"id":29856,"date":"2025-05-09T09:29:09","date_gmt":"2025-05-09T09:29:09","guid":{"rendered":"https:\/\/jxgchocolate.com\/?post_type=product&#038;p=29856"},"modified":"2025-05-09T09:29:11","modified_gmt":"2025-05-09T09:29:11","slug":"dark-chocolate-balls-bulk","status":"publish","type":"product","link":"https:\/\/jxgchocolate.com\/pt\/produto\/dark-chocolate-balls-bulk\/","title":{"rendered":"Bolas de chocolate negro a granel Amendoins estaladi\u00e7os cobertos de chocolate suave, embalagens personalizadas"},"content":{"rendered":"<div class=\"wp-block-columns is-layout-flex wp-container-core-columns-is-layout-9d6595d7 wp-block-columns-is-layout-flex\">\n<div class=\"wp-block-column is-layout-flow wp-block-column-is-layout-flow\">\n<h2 class=\"wp-block-heading\">Bolas de chocolate negro de qualidade superior a granel Carater\u00edsticas:<\/h2>\n\n\n\n<p><strong>Embrulho em chocolate preto:<\/strong> Estes amendoins cobertos de chocolate por atacado s\u00e3o feitos de chocolate preto de alta qualidade, com um sabor suave e rico, melhorando o n\u00edvel geral de sabor.<\/p>\n\n\n\n<p><strong>Miolo de amendoim crocante: <\/strong>As nossas bolas de chocolate negro s\u00e3o selecionadas a granel para obter amendoins de alta qualidade e s\u00e3o torradas para proporcionar um duplo prazer: crocante e estaladi\u00e7o.<\/p>\n\n\n\n<p><strong>Fornecimento grossista a granel: <\/strong>Estes amendoins cobertos de chocolate por atacado s\u00e3o adequados para marcas, distribuidores e retalhistas para satisfazer encomendas de elevada procura e reduzir os custos de aquisi\u00e7\u00e3o.<\/p>\n\n\n\n<p><strong>Suporte para embalagens personalizadas:<\/strong> As nossas bolas de chocolate negro a granel oferecem uma variedade de formatos de embalagem e solu\u00e7\u00f5es de design para satisfazer as necessidades de diferentes mercados e posicionamentos de marca.<\/p>\n<\/div>\n\n\n\n<div class=\"wp-block-column is-layout-flow wp-block-column-is-layout-flow\">\n<figure class=\"wp-block-image size-full\"><img fetchpriority=\"high\" decoding=\"async\" width=\"750\" height=\"750\" src=\"https:\/\/jxgchocolate.com\/wp-content\/uploads\/2025\/04\/Wholesales-Smooth-Chocolate-Covered-Crispy-Peanuts-Customized-Design-Packaging4.webp\" alt=\"bolas de chocolate preto a granel - chocolate liso coberto com amendoins estaladi\u00e7os - embalagem personalizada-1\" class=\"wp-image-29861\" srcset=\"https:\/\/jxgchocolate.com\/wp-content\/uploads\/2025\/04\/Wholesales-Smooth-Chocolate-Covered-Crispy-Peanuts-Customized-Design-Packaging4.webp 750w, https:\/\/jxgchocolate.com\/wp-content\/uploads\/2025\/04\/Wholesales-Smooth-Chocolate-Covered-Crispy-Peanuts-Customized-Design-Packaging4-300x300.webp 300w, https:\/\/jxgchocolate.com\/wp-content\/uploads\/2025\/04\/Wholesales-Smooth-Chocolate-Covered-Crispy-Peanuts-Customized-Design-Packaging4-150x150.webp 150w, https:\/\/jxgchocolate.com\/wp-content\/uploads\/2025\/04\/Wholesales-Smooth-Chocolate-Covered-Crispy-Peanuts-Customized-Design-Packaging4-12x12.webp 12w, https:\/\/jxgchocolate.com\/wp-content\/uploads\/2025\/04\/Wholesales-Smooth-Chocolate-Covered-Crispy-Peanuts-Customized-Design-Packaging4-430x430.webp 430w, https:\/\/jxgchocolate.com\/wp-content\/uploads\/2025\/04\/Wholesales-Smooth-Chocolate-Covered-Crispy-Peanuts-Customized-Design-Packaging4-700x700.webp 700w\" sizes=\"(max-width: 750px) 100vw, 750px\" \/><\/figure>\n<\/div>\n<\/div>","protected":false},"excerpt":{"rendered":"<p>Bem-vindo a comprar os nossos amendoins cobertos de chocolate por grosso. As nossas bolas de chocolate preto a granel t\u00eam chocolate preto suave e amendoins torrados estaladi\u00e7os nestas bolas de chocolate indulgentes - perfeitas para venda por grosso a granel e personaliz\u00e1veis para satisfazer as necessidades de embalagem da sua marca. Quer se trate de um snack di\u00e1rio, de um ingrediente de pastelaria ou de um excelente presente, o chocolate de amendoim proporciona um prazer \u00fanico aos consumidores.<\/p>\n<table width=\"423\">\n<tbody>\n<tr>\n<td width=\"166\">Fabricante<\/td>\n<td width=\"257\">Fruta da sorte<\/td>\n<\/tr>\n<tr>\n<td>MODELO NO.<\/td>\n<td>JXG60<\/td>\n<\/tr>\n<tr>\n<td>Tipo<\/td>\n<td>Biscoito colorido Chocolate<\/td>\n<\/tr>\n<tr>\n<td>Embalagem<\/td>\n<td>embalagem de saco<\/td>\n<\/tr>\n<tr>\n<td>Especifica\u00e7\u00e3o<\/td>\n<td>18g*20Pcs<\/td>\n<\/tr>\n<tr>\n<td>Tamanho da caixa<\/td>\n<td>58*38*36cm<\/td>\n<\/tr>\n<tr>\n<td>N.W \/SET<\/td>\n<td>20 unidades*24 sacos<\/td>\n<\/tr>\n<tr>\n<td>Cor<\/td>\n<td>Como imagem<\/td>\n<\/tr>\n<tr>\n<td>MOQ<\/td>\n<td>500 caixas de cart\u00e3o<\/td>\n<\/tr>\n<tr>\n<td>Personaliza\u00e7\u00e3o<\/td>\n<td>Embalagem\/LOGO<\/td>\n<\/tr>\n<\/tbody>\n<\/table>","protected":false},"featured_media":29858,"comment_status":"closed","ping_status":"closed","template":"","meta":[],"product_cat":[73],"product_tag":[],"class_list":{"0":"post-29856","1":"product","2":"type-product","3":"status-publish","4":"has-post-thumbnail","6":"product_cat-wholesale-chocolate-covered-peanuts","8":"first","9":"instock","10":"shipping-taxable","11":"product-type-simple"},"_links":{"self":[{"href":"https:\/\/jxgchocolate.com\/pt\/wp-json\/wp\/v2\/product\/29856","targetHints":{"allow":["GET"]}}],"collection":[{"href":"https:\/\/jxgchocolate.com\/pt\/wp-json\/wp\/v2\/product"}],"about":[{"href":"https:\/\/jxgchocolate.com\/pt\/wp-json\/wp\/v2\/types\/product"}],"replies":[{"embeddable":true,"href":"https:\/\/jxgchocolate.com\/pt\/wp-json\/wp\/v2\/comments?post=29856"}],"version-history":[{"count":7,"href":"https:\/\/jxgchocolate.com\/pt\/wp-json\/wp\/v2\/product\/29856\/revisions"}],"predecessor-version":[{"id":29887,"href":"https:\/\/jxgchocolate.com\/pt\/wp-json\/wp\/v2\/product\/29856\/revisions\/29887"}],"wp:featuredmedia":[{"embeddable":true,"href":"https:\/\/jxgchocolate.com\/pt\/wp-json\/wp\/v2\/media\/29858"}],"wp:attachment":[{"href":"https:\/\/jxgchocolate.com\/pt\/wp-json\/wp\/v2\/media?parent=29856"}],"wp:term":[{"taxonomy":"product_cat","embeddable":true,"href":"https:\/\/jxgchocolate.com\/pt\/wp-json\/wp\/v2\/product_cat?post=29856"},{"taxonomy":"product_tag","embeddable":true,"href":"https:\/\/jxgchocolate.com\/pt\/wp-json\/wp\/v2\/product_tag?post=29856"}],"curies":[{"name":"wp","href":"https:\/\/api.w.org\/{rel}","templated":true}]}}